{"id":128,"date":"2024-01-31T10:19:07","date_gmt":"2024-01-31T10:19:07","guid":{"rendered":"http:\/\/192.168.0.133:8072\/?page_id=128"},"modified":"2024-08-19T07:08:04","modified_gmt":"2024-08-19T07:08:04","slug":"sea","status":"publish","type":"page","link":"https:\/\/ps2021-2027.adroltenia.ro\/index.php\/sea\/","title":{"rendered":"Declara\u021bie privind Evaluarea Strategic\u0103 de Mediu pentru Programul S\u0103n\u0103tate"},"content":{"rendered":"\t\t<div data-elementor-type=\"wp-page\" data-elementor-id=\"128\" class=\"elementor elementor-128\" data-elementor-post-type=\"page\">\n\t\t\t\t<div class=\"elementor-element elementor-element-f3796af e-flex e-con-boxed e-con e-parent\" data-id=\"f3796af\" data-element_type=\"container\" data-e-type=\"container\">\n\t\t\t\t\t<div class=\"e-con-inner\">\n\t\t\t\t<div class=\"elementor-element elementor-element-dad50f9 exad-sticky-section-no exad-glass-effect-no elementor-widget elementor-widget-text-editor\" data-id=\"dad50f9\" data-element_type=\"widget\" data-e-type=\"widget\" data-widget_type=\"text-editor.default\">\n\t\t\t\t<div class=\"elementor-widget-container\">\n\t\t\t\t\t\t\t\t\t<p><span class=\"dia_suggestion w0\" contextmenu=\"true\">Aceast\u0103<\/span>\u00a0<a href=\"https:\/\/www.adroltenia.ro\/wp-content\/uploads\/2024\/04\/Declaratie-privind-Evaluarea-Strategica-de-Mediu-pentru-PS.pdf\"><span class=\"dia_suggestion w1\" contextmenu=\"true\">Declara\u021bie<\/span>\u00a0<span class=\"dia_suggestion w2\" contextmenu=\"true\"><span class=\"dia_suggestion w25\" contextmenu=\"true\"><span class=\"dia_suggestion w59\" contextmenu=\"true\">SEA<\/span><\/span><\/span><\/a>\u00a0a fost\u00a0<span class=\"dia_suggestion w5\" contextmenu=\"true\">elaborat\u0103<\/span>\u00a0<span class=\"dia_suggestion w6\" contextmenu=\"true\">\u00een<\/span>\u00a0conformitate cu prevederile art.9(1)(b)\u00a0<span class=\"dia_suggestion w12\" contextmenu=\"true\">al<\/span>\u00a0Directivei 2001\/42\/CE\u00a0<span class=\"dia_suggestion w15\" contextmenu=\"true\"><span class=\"dia_suggestion w33\" contextmenu=\"true\">privind<\/span><\/span>\u00a0evaluarea efectelor anumitor planuri\u00a0<span class=\"dia_suggestion w20\" contextmenu=\"true\">\u0219i<\/span>\u00a0programe\u00a0<span class=\"dia_suggestion w22\" contextmenu=\"true\">asupra<\/span>\u00a0mediului (<span class=\"dia_suggestion w24\" contextmenu=\"true\">Directiva<\/span>\u00a0SEA)\u00a0<span class=\"dia_suggestion w26\" contextmenu=\"true\">\u0219i<\/span>\u00a0ale art. 33(1)(b) a HG nr. 1076\/2004 privind stabilirea procedurii de realizare a\u00a0<span class=\"dia_suggestion w39\" contextmenu=\"true\">evalu\u0103rii<\/span>\u00a0de mediu pentru planuri\u00a0<span class=\"dia_suggestion w44\" contextmenu=\"true\">\u0219i<\/span>\u00a0programe\u00a0<span class=\"dia_suggestion w46\" contextmenu=\"true\">\u0219i<\/span>\u00a0<span class=\"dia_suggestion w47\" contextmenu=\"true\">\u00eenso\u021be\u0219te<\/span>\u00a0propunerea\u00a0<span class=\"dia_suggestion w49\" contextmenu=\"true\">oficial\u0103<\/span>\u00a0a Programului\u00a0<span class=\"dia_suggestion w52\" contextmenu=\"true\">S\u0103n\u0103tate<\/span>.<\/p><p><span class=\"dia_suggestion w53\" contextmenu=\"true\">Declara\u021bia<\/span>\u00a0cuprinde modul\u00a0<span class=\"dia_suggestion w6\" contextmenu=\"true\">\u00een<\/span>\u00a0<span class=\"dia_suggestion w57\" contextmenu=\"true\"><span class=\"dia_suggestion w67\" contextmenu=\"true\">care<\/span><\/span>\u00a0<span class=\"dia_suggestion w58\" contextmenu=\"true\">procedura<\/span>\u00a0<span class=\"dia_suggestion w2\" contextmenu=\"true\"><span class=\"dia_suggestion w25\" contextmenu=\"true\"><span class=\"dia_suggestion w59\" contextmenu=\"true\">SEA<\/span><\/span><\/span>\u00a0a\u00a0<span class=\"dia_suggestion w61\" contextmenu=\"true\">\u00eembun\u0103t\u0103\u021bit<\/span>\u00a0elaborarea programului,\u00a0<span class=\"dia_suggestion w64\" contextmenu=\"true\">inclusiv<\/span>\u00a0modul\u00a0<span class=\"dia_suggestion w56\" contextmenu=\"true\">\u00een<\/span>\u00a0care opiniile exprimate cu privire\u00a0<span class=\"dia_suggestion w72\" contextmenu=\"true\">la<\/span>\u00a0<a href=\"https:\/\/www.adroltenia.ro\/wp-content\/uploads\/2024\/04\/Raport-de-mediu-PS-2021-2027.pdf\">Raportul de mediu<\/a>\u00a0au fost luate\u00a0<span class=\"dia_suggestion w66\" contextmenu=\"true\">\u00een<\/span>\u00a0<span class=\"dia_suggestion w80\" contextmenu=\"true\">considerare<\/span>\u00a0cu procesul de\u00a0<span class=\"dia_suggestion w84\" contextmenu=\"true\">finalizare<\/span>\u00a0a programului.<\/p>\t\t\t\t\t\t\t\t<\/div>\n\t\t\t\t<\/div>\n\t\t\t\t\t<\/div>\n\t\t\t\t<\/div>\n\t\t\t\t<\/div>\n\t\t","protected":false},"excerpt":{"rendered":"<p>Aceast\u0103\u00a0Declara\u021bie\u00a0SEA\u00a0a fost\u00a0elaborat\u0103\u00a0\u00een\u00a0conformitate cu prevederile art.9(1)(b)\u00a0al\u00a0Directivei 2001\/42\/CE\u00a0privind\u00a0evaluarea efectelor anumitor planuri\u00a0\u0219i\u00a0programe\u00a0asupra\u00a0mediului (Directiva\u00a0SEA)\u00a0\u0219i\u00a0ale art. 33(1)(b) a HG nr. 1076\/2004 privind stabilirea procedurii de realizare a\u00a0evalu\u0103rii\u00a0de mediu pentru planuri\u00a0\u0219i\u00a0programe\u00a0\u0219i\u00a0\u00eenso\u021be\u0219te\u00a0propunerea\u00a0oficial\u0103\u00a0a Programului\u00a0S\u0103n\u0103tate. Declara\u021bia\u00a0cuprinde modul\u00a0\u00een\u00a0care\u00a0procedura\u00a0SEA\u00a0a\u00a0\u00eembun\u0103t\u0103\u021bit\u00a0elaborarea programului,\u00a0inclusiv\u00a0modul\u00a0\u00een\u00a0care opiniile exprimate cu privire\u00a0la\u00a0Raportul de mediu\u00a0au fost luate\u00a0\u00een\u00a0considerare\u00a0cu procesul de\u00a0finalizare\u00a0a programului.<\/p>\n","protected":false},"author":3,"featured_media":0,"parent":0,"menu_order":0,"comment_status":"closed","ping_status":"closed","template":"","meta":{"footnotes":""},"class_list":["post-128","page","type-page","status-publish","hentry"],"yoast_head":"<!-- This site is optimized with the Yoast SEO plugin v27.4 - https:\/\/yoast.com\/product\/yoast-seo-wordpress\/ -->\n<title>Declara\u021bie privind Evaluarea Strategic\u0103 de Mediu pentru Programul S\u0103n\u0103tate | PS<\/title>\n<meta name=\"robots\" content=\"index, follow, max-snippet:-1, max-image-preview:large, max-video-preview:-1\" \/>\n<link rel=\"canonical\" href=\"https:\/\/ps2021-2027.adroltenia.ro\/index.php\/sea\/\" \/>\n<meta property=\"og:locale\" content=\"ro_RO\" \/>\n<meta property=\"og:type\" content=\"article\" \/>\n<meta property=\"og:title\" content=\"Declara\u021bie privind Evaluarea Strategic\u0103 de Mediu pentru Programul S\u0103n\u0103tate | PS\" \/>\n<meta property=\"og:description\" content=\"Aceast\u0103\u00a0Declara\u021bie\u00a0SEA\u00a0a fost\u00a0elaborat\u0103\u00a0\u00een\u00a0conformitate cu prevederile art.9(1)(b)\u00a0al\u00a0Directivei 2001\/42\/CE\u00a0privind\u00a0evaluarea efectelor anumitor planuri\u00a0\u0219i\u00a0programe\u00a0asupra\u00a0mediului (Directiva\u00a0SEA)\u00a0\u0219i\u00a0ale art. 33(1)(b) a HG nr. 1076\/2004 privind stabilirea procedurii de realizare a\u00a0evalu\u0103rii\u00a0de mediu pentru planuri\u00a0\u0219i\u00a0programe\u00a0\u0219i\u00a0\u00eenso\u021be\u0219te\u00a0propunerea\u00a0oficial\u0103\u00a0a Programului\u00a0S\u0103n\u0103tate. Declara\u021bia\u00a0cuprinde modul\u00a0\u00een\u00a0care\u00a0procedura\u00a0SEA\u00a0a\u00a0\u00eembun\u0103t\u0103\u021bit\u00a0elaborarea programului,\u00a0inclusiv\u00a0modul\u00a0\u00een\u00a0care opiniile exprimate cu privire\u00a0la\u00a0Raportul de mediu\u00a0au fost luate\u00a0\u00een\u00a0considerare\u00a0cu procesul de\u00a0finalizare\u00a0a programului.\" \/>\n<meta property=\"og:url\" content=\"https:\/\/ps2021-2027.adroltenia.ro\/index.php\/sea\/\" \/>\n<meta property=\"og:site_name\" content=\"PS\" \/>\n<meta property=\"article:modified_time\" content=\"2024-08-19T07:08:04+00:00\" \/>\n<meta name=\"twitter:card\" content=\"summary_large_image\" \/>\n<meta name=\"twitter:label1\" content=\"Timp estimat pentru citire\" \/>\n\t<meta name=\"twitter:data1\" content=\"1 minut\" \/>\n<script type=\"application\/ld+json\" class=\"yoast-schema-graph\">{\"@context\":\"https:\\\/\\\/schema.org\",\"@graph\":[{\"@type\":\"WebPage\",\"@id\":\"https:\\\/\\\/ps2021-2027.adroltenia.ro\\\/index.php\\\/sea\\\/\",\"url\":\"https:\\\/\\\/ps2021-2027.adroltenia.ro\\\/index.php\\\/sea\\\/\",\"name\":\"Declara\u021bie privind Evaluarea Strategic\u0103 de Mediu pentru Programul S\u0103n\u0103tate | PS\",\"isPartOf\":{\"@id\":\"https:\\\/\\\/ps2021-2027.adroltenia.ro\\\/#website\"},\"datePublished\":\"2024-01-31T10:19:07+00:00\",\"dateModified\":\"2024-08-19T07:08:04+00:00\",\"inLanguage\":\"ro-RO\",\"potentialAction\":[{\"@type\":\"ReadAction\",\"target\":[\"https:\\\/\\\/ps2021-2027.adroltenia.ro\\\/index.php\\\/sea\\\/\"]}]},{\"@type\":\"WebSite\",\"@id\":\"https:\\\/\\\/ps2021-2027.adroltenia.ro\\\/#website\",\"url\":\"https:\\\/\\\/ps2021-2027.adroltenia.ro\\\/\",\"name\":\"PS\",\"description\":\"\",\"publisher\":{\"@id\":\"https:\\\/\\\/ps2021-2027.adroltenia.ro\\\/#organization\"},\"potentialAction\":[{\"@type\":\"SearchAction\",\"target\":{\"@type\":\"EntryPoint\",\"urlTemplate\":\"https:\\\/\\\/ps2021-2027.adroltenia.ro\\\/?s={search_term_string}\"},\"query-input\":{\"@type\":\"PropertyValueSpecification\",\"valueRequired\":true,\"valueName\":\"search_term_string\"}}],\"inLanguage\":\"ro-RO\"},{\"@type\":\"Organization\",\"@id\":\"https:\\\/\\\/ps2021-2027.adroltenia.ro\\\/#organization\",\"name\":\"PS\",\"url\":\"https:\\\/\\\/ps2021-2027.adroltenia.ro\\\/\",\"logo\":{\"@type\":\"ImageObject\",\"inLanguage\":\"ro-RO\",\"@id\":\"https:\\\/\\\/ps2021-2027.adroltenia.ro\\\/#\\\/schema\\\/logo\\\/image\\\/\",\"url\":\"https:\\\/\\\/ps2021-2027.adroltenia.ro\\\/wp-content\\\/uploads\\\/2024\\\/01\\\/ps-logo.jpg\",\"contentUrl\":\"https:\\\/\\\/ps2021-2027.adroltenia.ro\\\/wp-content\\\/uploads\\\/2024\\\/01\\\/ps-logo.jpg\",\"width\":808,\"height\":164,\"caption\":\"PS\"},\"image\":{\"@id\":\"https:\\\/\\\/ps2021-2027.adroltenia.ro\\\/#\\\/schema\\\/logo\\\/image\\\/\"}}]}<\/script>\n<!-- \/ Yoast SEO plugin. -->","yoast_head_json":{"title":"Declara\u021bie privind Evaluarea Strategic\u0103 de Mediu pentru Programul S\u0103n\u0103tate | PS","robots":{"index":"index","follow":"follow","max-snippet":"max-snippet:-1","max-image-preview":"max-image-preview:large","max-video-preview":"max-video-preview:-1"},"canonical":"https:\/\/ps2021-2027.adroltenia.ro\/index.php\/sea\/","og_locale":"ro_RO","og_type":"article","og_title":"Declara\u021bie privind Evaluarea Strategic\u0103 de Mediu pentru Programul S\u0103n\u0103tate | PS","og_description":"Aceast\u0103\u00a0Declara\u021bie\u00a0SEA\u00a0a fost\u00a0elaborat\u0103\u00a0\u00een\u00a0conformitate cu prevederile art.9(1)(b)\u00a0al\u00a0Directivei 2001\/42\/CE\u00a0privind\u00a0evaluarea efectelor anumitor planuri\u00a0\u0219i\u00a0programe\u00a0asupra\u00a0mediului (Directiva\u00a0SEA)\u00a0\u0219i\u00a0ale art. 33(1)(b) a HG nr. 1076\/2004 privind stabilirea procedurii de realizare a\u00a0evalu\u0103rii\u00a0de mediu pentru planuri\u00a0\u0219i\u00a0programe\u00a0\u0219i\u00a0\u00eenso\u021be\u0219te\u00a0propunerea\u00a0oficial\u0103\u00a0a Programului\u00a0S\u0103n\u0103tate. Declara\u021bia\u00a0cuprinde modul\u00a0\u00een\u00a0care\u00a0procedura\u00a0SEA\u00a0a\u00a0\u00eembun\u0103t\u0103\u021bit\u00a0elaborarea programului,\u00a0inclusiv\u00a0modul\u00a0\u00een\u00a0care opiniile exprimate cu privire\u00a0la\u00a0Raportul de mediu\u00a0au fost luate\u00a0\u00een\u00a0considerare\u00a0cu procesul de\u00a0finalizare\u00a0a programului.","og_url":"https:\/\/ps2021-2027.adroltenia.ro\/index.php\/sea\/","og_site_name":"PS","article_modified_time":"2024-08-19T07:08:04+00:00","twitter_card":"summary_large_image","twitter_misc":{"Timp estimat pentru citire":"1 minut"},"schema":{"@context":"https:\/\/schema.org","@graph":[{"@type":"WebPage","@id":"https:\/\/ps2021-2027.adroltenia.ro\/index.php\/sea\/","url":"https:\/\/ps2021-2027.adroltenia.ro\/index.php\/sea\/","name":"Declara\u021bie privind Evaluarea Strategic\u0103 de Mediu pentru Programul S\u0103n\u0103tate | PS","isPartOf":{"@id":"https:\/\/ps2021-2027.adroltenia.ro\/#website"},"datePublished":"2024-01-31T10:19:07+00:00","dateModified":"2024-08-19T07:08:04+00:00","inLanguage":"ro-RO","potentialAction":[{"@type":"ReadAction","target":["https:\/\/ps2021-2027.adroltenia.ro\/index.php\/sea\/"]}]},{"@type":"WebSite","@id":"https:\/\/ps2021-2027.adroltenia.ro\/#website","url":"https:\/\/ps2021-2027.adroltenia.ro\/","name":"PS","description":"","publisher":{"@id":"https:\/\/ps2021-2027.adroltenia.ro\/#organization"},"potentialAction":[{"@type":"SearchAction","target":{"@type":"EntryPoint","urlTemplate":"https:\/\/ps2021-2027.adroltenia.ro\/?s={search_term_string}"},"query-input":{"@type":"PropertyValueSpecification","valueRequired":true,"valueName":"search_term_string"}}],"inLanguage":"ro-RO"},{"@type":"Organization","@id":"https:\/\/ps2021-2027.adroltenia.ro\/#organization","name":"PS","url":"https:\/\/ps2021-2027.adroltenia.ro\/","logo":{"@type":"ImageObject","inLanguage":"ro-RO","@id":"https:\/\/ps2021-2027.adroltenia.ro\/#\/schema\/logo\/image\/","url":"https:\/\/ps2021-2027.adroltenia.ro\/wp-content\/uploads\/2024\/01\/ps-logo.jpg","contentUrl":"https:\/\/ps2021-2027.adroltenia.ro\/wp-content\/uploads\/2024\/01\/ps-logo.jpg","width":808,"height":164,"caption":"PS"},"image":{"@id":"https:\/\/ps2021-2027.adroltenia.ro\/#\/schema\/logo\/image\/"}}]}},"_links":{"self":[{"href":"https:\/\/ps2021-2027.adroltenia.ro\/index.php\/wp-json\/wp\/v2\/pages\/128","targetHints":{"allow":["GET"]}}],"collection":[{"href":"https:\/\/ps2021-2027.adroltenia.ro\/index.php\/wp-json\/wp\/v2\/pages"}],"about":[{"href":"https:\/\/ps2021-2027.adroltenia.ro\/index.php\/wp-json\/wp\/v2\/types\/page"}],"author":[{"embeddable":true,"href":"https:\/\/ps2021-2027.adroltenia.ro\/index.php\/wp-json\/wp\/v2\/users\/3"}],"replies":[{"embeddable":true,"href":"https:\/\/ps2021-2027.adroltenia.ro\/index.php\/wp-json\/wp\/v2\/comments?post=128"}],"version-history":[{"count":0,"href":"https:\/\/ps2021-2027.adroltenia.ro\/index.php\/wp-json\/wp\/v2\/pages\/128\/revisions"}],"wp:attachment":[{"href":"https:\/\/ps2021-2027.adroltenia.ro\/index.php\/wp-json\/wp\/v2\/media?parent=128"}],"curies":[{"name":"wp","href":"https:\/\/api.w.org\/{rel}","templated":true}]}}