{"id":162,"date":"2024-02-01T07:25:19","date_gmt":"2024-02-01T07:25:19","guid":{"rendered":"http:\/\/192.168.0.133:8072\/?page_id=162"},"modified":"2024-12-23T11:36:47","modified_gmt":"2024-12-23T11:36:47","slug":"calendar-apeluri","status":"publish","type":"page","link":"https:\/\/ps2021-2027.adroltenia.ro\/index.php\/calendar-apeluri\/","title":{"rendered":"Calendar apeluri"},"content":{"rendered":"<p><strong>23.12.2024 &#8211; <\/strong>Ministerul Investi\u021biilor \u0219i Proiectelor Europene, prin Autoritatea de Management pentru Programul S\u0103n\u0103tate public\u0103\u00a0Calendarul estimativ al apelurilor de proiecte pentru Programul S\u0103n\u0103tate, actualizat la data de 19 decembrie 2024. Documentul se reg\u0103se\u0219te la adresa:\u00a0<a href=\"https:\/\/mfe.gov.ro\/anunt-privind-publicarea-calendarului-estimativ-al-apelurilor-de-proiecte-pentru-programul-sanatate-actualizat-la-data-de-19-decembrie-2024\/\">https:\/\/mfe.gov.ro\/anunt-privind-publicarea-calendarului-estimativ-al-apelurilor-de-proiecte-pentru-programul-sanatate-actualizat-la-data-de-19-decembrie-2024\/<\/a><\/p>\n<p><strong>10.04.2024 \u2013<\/strong>Autoritatea de Management pentru Programul S\u0103n\u0103tate, \u00een conformitate cu prevederile art. 49 alin. (2) din Regulamentul (UE) 2021\/1060, public\u0103 calendarul estimativ al apelurilor de proiecte \u00een cadrul Programului S\u0103n\u0103tate.<\/p>\n<p><strong>\u00a0<a href=\"https:\/\/mfe.gov.ro\/wp-content\/uploads\/2024\/04\/4a56c7fe54dbfdaeed8a99296cb03d7f.xlsx\">Calendar estimativ al apelurilor de proiecte pentru Programul S\u0103n\u0103tate_09 aprilie 2024<\/a><\/strong><\/p>\n<p><strong>05.01.2024 \u2013\u00a0<\/strong>Autoritatea de Management pentru Programul S\u0103n\u0103tate, \u00een conformitate cu prevederile Art. 49, alin. (2) din Regulamentul (UE) 2021\/1060, a publicat <a href=\"https:\/\/mfe.gov.ro\/minister\/perioade-de-programare\/perioada-2021-2027\/autoritatea-de-management-pentru-programul-sanatate\/calendar-apeluri-de-proiecte\/\">calendarul estimativ al apelurilor de proiecte \u00een cadrul Programului S\u0103n\u0103tate, actualizat<\/a>.<\/p>\n<p>Noua versiune a calendarului estimativ, actualizat la 3 ianuarie 2024, poate fi desc\u0103rcat\u0103 de <a href=\"\/wp-content\/uploads\/2024\/09\/Calendar-apeluri-PS-actualizat-3-ian-2024.xlsx\"><strong>AICI<\/strong><\/a>.<\/p>\n","protected":false},"excerpt":{"rendered":"<p>23.12.2024 &#8211; Ministerul Investi\u021biilor \u0219i Proiectelor Europene, prin Autoritatea de Management pentru Programul S\u0103n\u0103tate public\u0103\u00a0Calendarul estimativ al apelurilor de proiecte pentru Programul S\u0103n\u0103tate, actualizat la data de 19 decembrie 2024. Documentul se reg\u0103se\u0219te la adresa:\u00a0https:\/\/mfe.gov.ro\/anunt-privind-publicarea-calendarului-estimativ-al-apelurilor-de-proiecte-pentru-programul-sanatate-actualizat-la-data-de-19-decembrie-2024\/ 10.04.2024 \u2013Autoritatea de Management pentru Programul S\u0103n\u0103tate, \u00een conformitate cu prevederile art. 49 alin. (2) din Regulamentul (UE) 2021\/1060, public\u0103 [&hellip;]<\/p>\n","protected":false},"author":3,"featured_media":0,"parent":0,"menu_order":0,"comment_status":"closed","ping_status":"closed","template":"","meta":{"footnotes":""},"class_list":["post-162","page","type-page","status-publish","hentry"],"yoast_head":"<!-- This site is optimized with the Yoast SEO plugin v27.4 - https:\/\/yoast.com\/product\/yoast-seo-wordpress\/ -->\n<title>Calendar apeluri | PS<\/title>\n<meta name=\"robots\" content=\"index, follow, max-snippet:-1, max-image-preview:large, max-video-preview:-1\" \/>\n<link rel=\"canonical\" href=\"https:\/\/ps2021-2027.adroltenia.ro\/index.php\/calendar-apeluri\/\" \/>\n<meta property=\"og:locale\" content=\"ro_RO\" \/>\n<meta property=\"og:type\" content=\"article\" \/>\n<meta property=\"og:title\" content=\"Calendar apeluri | PS\" \/>\n<meta property=\"og:description\" content=\"23.12.2024 &#8211; Ministerul Investi\u021biilor \u0219i Proiectelor Europene, prin Autoritatea de Management pentru Programul S\u0103n\u0103tate public\u0103\u00a0Calendarul estimativ al apelurilor de proiecte pentru Programul S\u0103n\u0103tate, actualizat la data de 19 decembrie 2024. Documentul se reg\u0103se\u0219te la adresa:\u00a0https:\/\/mfe.gov.ro\/anunt-privind-publicarea-calendarului-estimativ-al-apelurilor-de-proiecte-pentru-programul-sanatate-actualizat-la-data-de-19-decembrie-2024\/ 10.04.2024 \u2013Autoritatea de Management pentru Programul S\u0103n\u0103tate, \u00een conformitate cu prevederile art. 49 alin. (2) din Regulamentul (UE) 2021\/1060, public\u0103 [&hellip;]\" \/>\n<meta property=\"og:url\" content=\"https:\/\/ps2021-2027.adroltenia.ro\/index.php\/calendar-apeluri\/\" \/>\n<meta property=\"og:site_name\" content=\"PS\" \/>\n<meta property=\"article:modified_time\" content=\"2024-12-23T11:36:47+00:00\" \/>\n<meta name=\"twitter:card\" content=\"summary_large_image\" \/>\n<meta name=\"twitter:label1\" content=\"Timp estimat pentru citire\" \/>\n\t<meta name=\"twitter:data1\" content=\"1 minut\" \/>\n<script type=\"application\/ld+json\" class=\"yoast-schema-graph\">{\"@context\":\"https:\\\/\\\/schema.org\",\"@graph\":[{\"@type\":\"WebPage\",\"@id\":\"https:\\\/\\\/ps2021-2027.adroltenia.ro\\\/index.php\\\/calendar-apeluri\\\/\",\"url\":\"https:\\\/\\\/ps2021-2027.adroltenia.ro\\\/index.php\\\/calendar-apeluri\\\/\",\"name\":\"Calendar apeluri | PS\",\"isPartOf\":{\"@id\":\"https:\\\/\\\/ps2021-2027.adroltenia.ro\\\/#website\"},\"datePublished\":\"2024-02-01T07:25:19+00:00\",\"dateModified\":\"2024-12-23T11:36:47+00:00\",\"inLanguage\":\"ro-RO\",\"potentialAction\":[{\"@type\":\"ReadAction\",\"target\":[\"https:\\\/\\\/ps2021-2027.adroltenia.ro\\\/index.php\\\/calendar-apeluri\\\/\"]}]},{\"@type\":\"WebSite\",\"@id\":\"https:\\\/\\\/ps2021-2027.adroltenia.ro\\\/#website\",\"url\":\"https:\\\/\\\/ps2021-2027.adroltenia.ro\\\/\",\"name\":\"PS\",\"description\":\"\",\"publisher\":{\"@id\":\"https:\\\/\\\/ps2021-2027.adroltenia.ro\\\/#organization\"},\"potentialAction\":[{\"@type\":\"SearchAction\",\"target\":{\"@type\":\"EntryPoint\",\"urlTemplate\":\"https:\\\/\\\/ps2021-2027.adroltenia.ro\\\/?s={search_term_string}\"},\"query-input\":{\"@type\":\"PropertyValueSpecification\",\"valueRequired\":true,\"valueName\":\"search_term_string\"}}],\"inLanguage\":\"ro-RO\"},{\"@type\":\"Organization\",\"@id\":\"https:\\\/\\\/ps2021-2027.adroltenia.ro\\\/#organization\",\"name\":\"PS\",\"url\":\"https:\\\/\\\/ps2021-2027.adroltenia.ro\\\/\",\"logo\":{\"@type\":\"ImageObject\",\"inLanguage\":\"ro-RO\",\"@id\":\"https:\\\/\\\/ps2021-2027.adroltenia.ro\\\/#\\\/schema\\\/logo\\\/image\\\/\",\"url\":\"https:\\\/\\\/ps2021-2027.adroltenia.ro\\\/wp-content\\\/uploads\\\/2024\\\/01\\\/ps-logo.jpg\",\"contentUrl\":\"https:\\\/\\\/ps2021-2027.adroltenia.ro\\\/wp-content\\\/uploads\\\/2024\\\/01\\\/ps-logo.jpg\",\"width\":808,\"height\":164,\"caption\":\"PS\"},\"image\":{\"@id\":\"https:\\\/\\\/ps2021-2027.adroltenia.ro\\\/#\\\/schema\\\/logo\\\/image\\\/\"}}]}<\/script>\n<!-- \/ Yoast SEO plugin. -->","yoast_head_json":{"title":"Calendar apeluri | PS","robots":{"index":"index","follow":"follow","max-snippet":"max-snippet:-1","max-image-preview":"max-image-preview:large","max-video-preview":"max-video-preview:-1"},"canonical":"https:\/\/ps2021-2027.adroltenia.ro\/index.php\/calendar-apeluri\/","og_locale":"ro_RO","og_type":"article","og_title":"Calendar apeluri | PS","og_description":"23.12.2024 &#8211; Ministerul Investi\u021biilor \u0219i Proiectelor Europene, prin Autoritatea de Management pentru Programul S\u0103n\u0103tate public\u0103\u00a0Calendarul estimativ al apelurilor de proiecte pentru Programul S\u0103n\u0103tate, actualizat la data de 19 decembrie 2024. Documentul se reg\u0103se\u0219te la adresa:\u00a0https:\/\/mfe.gov.ro\/anunt-privind-publicarea-calendarului-estimativ-al-apelurilor-de-proiecte-pentru-programul-sanatate-actualizat-la-data-de-19-decembrie-2024\/ 10.04.2024 \u2013Autoritatea de Management pentru Programul S\u0103n\u0103tate, \u00een conformitate cu prevederile art. 49 alin. (2) din Regulamentul (UE) 2021\/1060, public\u0103 [&hellip;]","og_url":"https:\/\/ps2021-2027.adroltenia.ro\/index.php\/calendar-apeluri\/","og_site_name":"PS","article_modified_time":"2024-12-23T11:36:47+00:00","twitter_card":"summary_large_image","twitter_misc":{"Timp estimat pentru citire":"1 minut"},"schema":{"@context":"https:\/\/schema.org","@graph":[{"@type":"WebPage","@id":"https:\/\/ps2021-2027.adroltenia.ro\/index.php\/calendar-apeluri\/","url":"https:\/\/ps2021-2027.adroltenia.ro\/index.php\/calendar-apeluri\/","name":"Calendar apeluri | PS","isPartOf":{"@id":"https:\/\/ps2021-2027.adroltenia.ro\/#website"},"datePublished":"2024-02-01T07:25:19+00:00","dateModified":"2024-12-23T11:36:47+00:00","inLanguage":"ro-RO","potentialAction":[{"@type":"ReadAction","target":["https:\/\/ps2021-2027.adroltenia.ro\/index.php\/calendar-apeluri\/"]}]},{"@type":"WebSite","@id":"https:\/\/ps2021-2027.adroltenia.ro\/#website","url":"https:\/\/ps2021-2027.adroltenia.ro\/","name":"PS","description":"","publisher":{"@id":"https:\/\/ps2021-2027.adroltenia.ro\/#organization"},"potentialAction":[{"@type":"SearchAction","target":{"@type":"EntryPoint","urlTemplate":"https:\/\/ps2021-2027.adroltenia.ro\/?s={search_term_string}"},"query-input":{"@type":"PropertyValueSpecification","valueRequired":true,"valueName":"search_term_string"}}],"inLanguage":"ro-RO"},{"@type":"Organization","@id":"https:\/\/ps2021-2027.adroltenia.ro\/#organization","name":"PS","url":"https:\/\/ps2021-2027.adroltenia.ro\/","logo":{"@type":"ImageObject","inLanguage":"ro-RO","@id":"https:\/\/ps2021-2027.adroltenia.ro\/#\/schema\/logo\/image\/","url":"https:\/\/ps2021-2027.adroltenia.ro\/wp-content\/uploads\/2024\/01\/ps-logo.jpg","contentUrl":"https:\/\/ps2021-2027.adroltenia.ro\/wp-content\/uploads\/2024\/01\/ps-logo.jpg","width":808,"height":164,"caption":"PS"},"image":{"@id":"https:\/\/ps2021-2027.adroltenia.ro\/#\/schema\/logo\/image\/"}}]}},"_links":{"self":[{"href":"https:\/\/ps2021-2027.adroltenia.ro\/index.php\/wp-json\/wp\/v2\/pages\/162","targetHints":{"allow":["GET"]}}],"collection":[{"href":"https:\/\/ps2021-2027.adroltenia.ro\/index.php\/wp-json\/wp\/v2\/pages"}],"about":[{"href":"https:\/\/ps2021-2027.adroltenia.ro\/index.php\/wp-json\/wp\/v2\/types\/page"}],"author":[{"embeddable":true,"href":"https:\/\/ps2021-2027.adroltenia.ro\/index.php\/wp-json\/wp\/v2\/users\/3"}],"replies":[{"embeddable":true,"href":"https:\/\/ps2021-2027.adroltenia.ro\/index.php\/wp-json\/wp\/v2\/comments?post=162"}],"version-history":[{"count":0,"href":"https:\/\/ps2021-2027.adroltenia.ro\/index.php\/wp-json\/wp\/v2\/pages\/162\/revisions"}],"wp:attachment":[{"href":"https:\/\/ps2021-2027.adroltenia.ro\/index.php\/wp-json\/wp\/v2\/media?parent=162"}],"curies":[{"name":"wp","href":"https:\/\/api.w.org\/{rel}","templated":true}]}}