{"id":1792,"date":"2024-05-10T07:01:07","date_gmt":"2024-05-10T07:01:07","guid":{"rendered":"https:\/\/ps2021-2027.adroltenia.ro\/?page_id=1792"},"modified":"2026-04-15T11:00:49","modified_gmt":"2026-04-15T11:00:49","slug":"informatii-pentru-beneficiari-2","status":"publish","type":"page","link":"https:\/\/ps2021-2027.adroltenia.ro\/index.php\/informatii-pentru-beneficiari-2\/","title":{"rendered":"INFORMA\u021aII PENTRU BENEFICIARI"},"content":{"rendered":"\t\t<div data-elementor-type=\"wp-page\" data-elementor-id=\"1792\" class=\"elementor elementor-1792\" data-elementor-post-type=\"page\">\n\t\t\t\t<div class=\"elementor-element elementor-element-1fbac2a e-flex e-con-boxed e-con e-parent\" data-id=\"1fbac2a\" data-element_type=\"container\" data-e-type=\"container\">\n\t\t\t\t\t<div class=\"e-con-inner\">\n\t\t\t\t<div class=\"elementor-element elementor-element-52d2966 exad-sticky-section-no exad-glass-effect-no elementor-widget elementor-widget-text-editor\" data-id=\"52d2966\" data-element_type=\"widget\" data-e-type=\"widget\" data-widget_type=\"text-editor.default\">\n\t\t\t\t<div class=\"elementor-widget-container\">\n\t\t\t\t\t\t\t\t\t<p><strong>15.04.2026 &#8211;\u00a0<\/strong>Ministerul Investi\u021biilor \u0219i Proiectelor Europene, prin Autoritatea de Management pentru Programul S\u0103n\u0103tate, public\u0103 <strong>Listele intermediare<\/strong> ale proiectelor aprobate, aflate pe lista de rezerv\u0103 \u0219i respinse \u00een etapa de evaluare tehnico-financiar\u0103 pentru apelul de proiecte \u201e<strong><em>Investi\u021bii \u00een infrastructura public\u0103 a ambulatoriilor implicate \u00een implementarea de programe de screening<\/em><\/strong>\u201d, cod apel <strong><em>PS\/720\/PS_P1\/OP4\/RSO4.5\/PS_P1_RSO4.5_A2<\/em><\/strong>.<\/p>\n<p>Ca urmare a evalu\u0103rii tehnico-financiare, la nivelul regiunii <strong>Sud-Vest Oltenia<\/strong>, din cele <strong>11 proiecte depuse<\/strong>:<\/p>\n<ul>\n<li>5 proiecte au fost aprobate pentru finan\u021bare;<\/li>\n<li>3 proiecte au fost incluse pe lista de rezerv\u0103;<\/li>\n<li>3 proiecte au fost respinse.<\/li>\n<\/ul>\n<p>\u00a0<\/p>\n<p>Listele intermediare ale proiectelor pot fi consultate la urm\u0103toarea adres\u0103:\u00a0<strong><a href=\"https:\/\/mfe.gov.ro\/ghiduri-ms\/investitii-ambulatorii-unitati-sanitare-publice-care-vor-implementa-programe-de-screening\/\">https:\/\/mfe.gov.ro\/ghiduri-ms\/investitii-ambulatorii-unitati-sanitare-publice-care-vor-implementa-programe-de-screening\/<\/a>.<\/strong><\/p>\n<p><strong>05.08.2025 &#8211; <\/strong>Autoritatea de Management pentru Programul S\u0103n\u0103tate public\u0103<strong>\u00a0Lista final\u0103 a proiectelor aprobate \u0219i Lista final\u0103 a proiectelor respinse \u00een etapa de evaluare tehnico-financiar\u0103 privind apleul de proiecte \u201e<em>Investi\u021bii \u00een infrastructura unit\u0103\u021bilor sanitare publice de recuperare\/reabilitare medical\u0103<\/em>\u201d (regiuni mai pu\u021bin dezvoltate)\u00a0<\/strong>PS\/486\/PS_P2\/OP4\/RSO4.5\/PS_P2_RSO4.5_A4.<\/p>\n<p><strong><\/strong><\/p>\n<p><strong>\u00cen regiunea Sud Vest Oltenia se va finan\u021ba proiectul cu titlul \u201e<em>REABILITARE, MODERNIZARE SEC\u021aIA RECUPERARE MEDICAL\u0102 A SPITALULUI UNIVERSITAR DE URGEN\u021a\u0102 ELIAS<\/em>\u201d, beneficiar Spitalul Universitar de Urgen\u021b\u0103 Elias &#8211; Clinica Ol\u0103ne\u0219ti, av\u00e2nd o valoare total\u0103 eligibil\u0103 proiect de 49.773.934,30 lei. \u00a0<\/strong><\/p>\n<p><strong><\/strong><\/p>\n<p><strong>Listele proiectelor aprobate, respectiv respinse se reg\u0103sesc la: <\/strong><a href=\"https:\/\/mfe.gov.ro\/programul-sanatate-lista-finala-a-proiectelor-aprobate-si-lista-finala-a-proiectelor-respinse-in-etapa-de-evaluare-tehnico-financiara-privind-apleul-de-proiecte-investitii-in-infrastructura-unitatilo\/\">https:\/\/mfe.gov.ro\/programul-sanatate-lista-finala-a-proiectelor-aprobate-si-lista-finala-a-proiectelor-respinse-in-etapa-de-evaluare-tehnico-financiara-privind-apleul-de-proiecte-investitii-in-infrastructura-unitatilo\/<\/a><\/p>\n<p><strong><\/strong><\/p>\n<p><strong>24.06.2025 &#8211; <\/strong>Autoritatea de Management pentru Programul S\u0103n\u0103tate public\u0103\u00a0<strong>Lista proiectelor aprobate \u0219i Lista proiectelor respinse dup\u0103 solu\u021bionarea contesta\u021biilor \u00een etapa de evaluare tehnico-financiar\u0103 aferente apelului de proiecte <em>Investi\u021bii \u00een infrastructura ambulatoriilor integrate spitalelor de psihiatrie<\/em> (regiuni mai pu\u021bin dezvoltate) PS\/478\/PS_P1\/OP4\/RSO4.5\/PS_P1_RSO4.5_A2.<\/strong><\/p>\n<p>\u00cen regiunea <strong>Sud Vest Oltenia va fi finan\u021bat proiectul cu titlul <em>\u201eConstruire \u0219i dotare Ambulatoriu integrat Spitalul de Psihiatrie Dr\u0103goe\u0219ti\u201d<\/em><\/strong>, beneficiar <strong>JUDE\u0162UL V\u00c2LCEA,<\/strong> cu o valoare total\u0103 eligibil\u0103 proiect <strong>12,204,834.29 <\/strong>lei. Investi\u021biile propuse prin prezentul apel sunt de tipul extindere\/ modernizare\/ reabilitare\/ construc\u021bie nou\u0103 \u0219i dac\u0103 este necesar dotare cu echipamente \u00een ambulatoriile spitalelor de psihiatrie \u0219i neuropsihiatrie. Prin dotare se vizeaz\u0103 inclusiv echipamente pentru digitalizare.<\/p>\n<p><strong>Listele proiectelor aprobate, respectiv respinse, se reg\u0103sesc la: <a href=\"https:\/\/mfe.gov.ro\/programul-sanatate-lista-proiectelor-aprobate-si-lista-proiectelor-respinse-dupa-solutionarea-contestatiilor-in-etapa-de-evaluare-tehnico-financiara-aferente-apelului-de-proiecte-investitii-in-infras\/\">https:\/\/mfe.gov.ro\/programul-sanatate-lista-proiectelor-aprobate-si-lista-proiectelor-respinse-dupa-solutionarea-contestatiilor-in-etapa-de-evaluare-tehnico-financiara-aferente-apelului-de-proiecte-investitii-in-infras\/\u00a0<\/a><\/strong><\/p>\n<p><strong>17.06.2025 &#8211; <\/strong>Autoritatea de Management pentru Programul S\u0103n\u0103tate public\u0103:<\/p>\n<p><strong><\/strong><\/p>\n<ul class=\"wp-block-list\">\n<li><strong>Corrigendumul nr. 3<\/strong>\u00a0la Ghidul Solicitantului pentru apelul de proiecte\u00a0<strong><em><u>Investi\u021bii \u00een infrastructura public\u0103 a ambulatoriilor spitalelor de pediatrie<\/u><\/em><\/strong>, aprobat prin Ordinul Ministrului Investi\u021biilor \u0219i Proiectelor Europene nr. 1001\/21.05.2025. Documentul este disponibl la:\u00a0<a href=\"https:\/\/mfe.gov.ro\/programul-sanatate-actualizeaza-ghidul-solicitantului-pentru-apelul-de-proiecte-investitii-in-infrastructura-publica-a-ambulatoriilor-spitalelor-de-pediatrie\/\">https:\/\/mfe.gov.ro\/programul-sanatate-actualizeaza-ghidul-solicitantului-pentru-apelul-de-proiecte-investitii-in-infrastructura-publica-a-ambulatoriilor-spitalelor-de-pediatrie\/<\/a><\/li>\n\n<li><strong>Corrigendumul nr. 3<\/strong>\u00a0la Ghidul Solicitantului pentru apelul de proiecte\u00a0<strong><em><u>Investi\u021bii \u00een infrastructura public\u0103 a ambulatoriilor spitalelor de obstetric\u0103 ginecologie<\/u><\/em><\/strong><em>,\u00a0<\/em>aprobat prin Ordinul Ministrului Investi\u021biilor \u0219i Proiectelor Europene nr. 1000\/21.05.2025. Documentul este disponbil la:\u00a0<a href=\"https:\/\/mfe.gov.ro\/programul-sanatate-actualizeaza-ghidul-solicitantului-pentru-apelul-de-proiecte-investitii-in-infrastructura-publica-a-ambulatoriilor-spitalelor-de-obstetrica-ginecologie\/\">https:\/\/mfe.gov.ro\/programul-sanatate-actualizeaza-ghidul-solicitantului-pentru-apelul-de-proiecte-investitii-in-infrastructura-publica-a-ambulatoriilor-spitalelor-de-obstetrica-ginecologie\/<\/a><\/li>\n\n<li><strong>Corrigendumul nr. 1<\/strong>\u00a0la Ghidul Solicitantului pentru apelul de proiecte<em>\u00a0<strong><u>Investi\u021bii de tipul \u00eenfiin\u021bare\/renovare\/ dotare cabinete de asisten\u021b\u0103 medical\u0103 stomatologic\u0103 care s\u0103 furnizeze servicii copiilor, inclusiv copiilor cu nevoi speciale \u00een ambulatoriile integrate spitalelor de pediatrie sau ambulatoriile spitalelor publice care au sec\u021bii de pediatrie.<\/u><\/strong><\/em>\u00a0Corrigendumul a fost aprobat prin Ordinul Ministrului Investi\u021biilor \u0219i Proiectelor Europene nr. 1003\/21.05.2025 Documentul este disponbil la:\u00a0<a href=\"https:\/\/mfe.gov.ro\/programul-sanatate-actualizeaza-ghidul-solicitantului-pentru-apelul-de-proiecte-investitii-de-tipul-infiintare-renovare-dotare-cabinete-de-asistenta-medicala-stomatologica-care-sa-furnizeze-servicii\/\">https:\/\/mfe.gov.ro\/programul-sanatate-actualizeaza-ghidul-solicitantului-pentru-apelul-de-proiecte-investitii-de-tipul-infiintare-renovare-dotare-cabinete-de-asistenta-medicala-stomatologica-care-sa-furnizeze-servicii\/<\/a><\/li>\n<\/ul>\n<p><strong><\/strong><\/p>\n<p>Modificarea adus\u0103 pentru apelurile mentionate anterior la\u00a0<strong><u>Ghidul Solicitantului<\/u><\/strong>, capitolul 12.\u00a0<em>Aspecte privind managementul financiar<\/em>, la subcapitolul 12.1.<em>Mecanismul cererilor de prefinan\u021bare,<\/em>\u00a0const\u0103 \u00een\u00a0<strong>cre\u0219terea procentului maxim al prefinan\u021b\u0103rii<\/strong>\u00a0care poate fi acordat pentru proiectele finan\u021bate din Fodundul European de dezvoltare regional\/Fondul de coeziune\/Fondul social European Plus\/Fondul pentru o tranzi\u021bie just\u0103.<\/p>\n<p><strong><\/strong><\/p>\n<p>Anterior, acest procent era de maximum 10% din valoarea eligibil\u0103 a contractului de finan\u021bare, iar prin Corrigenda,\u00a0<strong>procentul a fost majorat la maximum 30%.<\/strong><\/p>\n<p><strong><\/strong><\/p>\n<p>De asemenea,\u00a0<strong>a fost actualizat\u0103\u00a0<u>Anexa 18 la GS:<\/u>\u00a0\u201e<em>Cond<\/em><\/strong><\/p>\n<p><strong><\/strong><\/p>\n<p><strong>13.06.2025 &#8211; <\/strong>Ministerul Investi\u021biilor \u0219i Proiectelor Europene, prin Autoritatea de Management pentru Programul S\u0103n\u0103tate, public\u0103 <strong>Programul S\u0103n\u0103tate, versiunea actualizat\u0103 \u0219i aprobat\u0103 &#8211; mai 2025.<\/strong><\/p>\n<p>Modificarea programului const\u0103 \u00een principal \u00een reducerea contribu\u021biei na\u021bionale pentru <strong>Prioritatea 4<\/strong> \u201e<em>Investi\u021bii \u00een infrastructuri spitalice\u0219ti \u0219i sanitare<\/em>\u201d \u0219i implicit <strong>cre\u0219terea ratei de cofinan\u021bare FEDR la 85%<\/strong> pentru aceasta prioritate, \u00een regiunile mai pu\u021bin dezvoltate.<\/p>\n<p><strong>Documentul se reg\u0103se\u0219te la adresa:\u00a0 <a href=\"https:\/\/mfe.gov.ro\/programul-sanatate-versiunea-actualizata-mai-2025\/\">https:\/\/mfe.gov.ro\/programul-sanatate-versiunea-actualizata-mai-2025\/<\/a>\u00a0\u00a0<\/strong><\/p>\n<p><strong>04.12.2024 &#8211;<\/strong> Ministerul Investi\u021biilor \u0219i Proiectelor Europene, prin Autoritatea de Management pentru Programul S\u0103n\u0103tate, public\u0103 <strong>Programul S\u0103n\u0103tate, versiunea actualizat\u0103 \u0219i aprobat\u0103 \u2013 noiembrie 2024.<\/strong> Documentul se reg\u0103se\u0219te la adresa: <a href=\"https:\/\/mfe.gov.ro\/minister\/perioade-de-programare\/perioada-2021-2027\/autoritatea-de-management-pentru-programul-sanatate\/\">https:\/\/mfe.gov.ro\/minister\/perioade-de-programare\/perioada-2021-2027\/autoritatea-de-management-pentru-programul-sanatate\/<\/a> \u00a0, sec\u021biunea <strong>versiunile Programului S\u0103n\u0103tate<\/strong>.\u00a0<\/p>\n<p><strong>04.11.2024 &#8211; <\/strong>Listele intermediare ale proiectelor aprobate, respectiv respinse \u00een etapa de evaluare tehnico-financiar\u0103 aferente apelului de proiecte <strong>\u201eInvesti\u021bii \u00een infrastructura public\u0103 a laboratoarelor de genetic\u0103 \u0219i de anatomie patologic\u0103 pentru diagnosticul cancerului \u00een vederea tratamentului personalizat \u00een func\u021bie de profilul tumoral identificat\u201d<\/strong>, cod apel PS\/325\/PS_P7\/OP4\/RSO4.5\/PS_P7_RSO4.5_A12 sunt disponibile la <a href=\"https:\/\/mfe.gov.ro\/programul-sanatate-listele-intermediare-privind-proiectele-aprobate-respectiv-respinse-in-etapa-de-evaluare-tehnico-financiara-pentru-apelul-de-proiecte-investitii-in-infrastructura-publica-a-labor\/\">https:\/\/mfe.gov.ro\/programul-sanatate-listele-intermediare-privind-proiectele-aprobate-respectiv-respinse-in-etapa-de-evaluare-tehnico-financiara-pentru-apelul-de-proiecte-investitii-in-infrastructura-publica-a-labor\/\u00a0<\/a><\/p>\n<p><strong>11.07.2024<\/strong> \u2013 <a href=\"\/wp-content\/uploads\/2024\/09\/Manualul-beneficiarului.pdf\">Manualul Beneficiarului<\/a> Programului S\u0103n\u0103tate- versiune actualizat\u0103 iulie 2024.<\/p>\n<p><strong>14.06.2024<\/strong> \u2013 Manualul Beneficiarului reprezint\u0103 un material de informare tehnic\u0103 a Beneficiarilor Programului S\u0103n\u0103tate, ce se constituie ca un suport informativ pentru implementarea proiectelor finan\u021bate prin intermediul acestui program. Acest document are caracter strict orientativ \u0219i nu derog\u0103 de la prevederile contractului de finan\u021bare, legisla\u021biei na\u021bionale \u0219i comunitare.<\/p>\n<p>Acesta poate fi descarcat de <a href=\"https:\/\/mfe.gov.ro\/minister\/perioade-de-programare\/perioada-2021-2027\/autoritatea-de-management-pentru-programul-sanatate\/monitorizare-implementare-proiecte\/\">aici<\/a>.<\/p>\t\t\t\t\t\t\t\t<\/div>\n\t\t\t\t<\/div>\n\t\t\t\t\t<\/div>\n\t\t\t\t<\/div>\n\t\t\t\t<\/div>\n\t\t","protected":false},"excerpt":{"rendered":"<p>15.04.2026 &#8211;\u00a0Ministerul Investi\u021biilor \u0219i Proiectelor Europene, prin Autoritatea de Management pentru Programul S\u0103n\u0103tate, public\u0103 Listele intermediare ale proiectelor aprobate, aflate pe lista de rezerv\u0103 \u0219i respinse \u00een etapa de evaluare tehnico-financiar\u0103 pentru apelul de proiecte \u201eInvesti\u021bii \u00een infrastructura public\u0103 a ambulatoriilor implicate \u00een implementarea de programe de screening\u201d, cod apel PS\/720\/PS_P1\/OP4\/RSO4.5\/PS_P1_RSO4.5_A2. Ca urmare a evalu\u0103rii [&hellip;]<\/p>\n","protected":false},"author":3,"featured_media":0,"parent":0,"menu_order":0,"comment_status":"closed","ping_status":"closed","template":"","meta":{"footnotes":""},"class_list":["post-1792","page","type-page","status-publish","hentry"],"yoast_head":"<!-- This site is optimized with the Yoast SEO plugin v22.0 - https:\/\/yoast.com\/wordpress\/plugins\/seo\/ -->\n<title>INFORMA\u021aII PENTRU BENEFICIARI | PS<\/title>\n<meta name=\"robots\" content=\"index, follow, max-snippet:-1, max-image-preview:large, max-video-preview:-1\" \/>\n<link rel=\"canonical\" href=\"https:\/\/ps2021-2027.adroltenia.ro\/index.php\/informatii-pentru-beneficiari-2\/\" \/>\n<meta property=\"og:locale\" content=\"ro_RO\" \/>\n<meta property=\"og:type\" content=\"article\" \/>\n<meta property=\"og:title\" content=\"INFORMA\u021aII PENTRU BENEFICIARI | PS\" \/>\n<meta property=\"og:description\" content=\"15.04.2026 &#8211;\u00a0Ministerul Investi\u021biilor \u0219i Proiectelor Europene, prin Autoritatea de Management pentru Programul S\u0103n\u0103tate, public\u0103 Listele intermediare ale proiectelor aprobate, aflate pe lista de rezerv\u0103 \u0219i respinse \u00een etapa de evaluare tehnico-financiar\u0103 pentru apelul de proiecte \u201eInvesti\u021bii \u00een infrastructura public\u0103 a ambulatoriilor implicate \u00een implementarea de programe de screening\u201d, cod apel PS\/720\/PS_P1\/OP4\/RSO4.5\/PS_P1_RSO4.5_A2. Ca urmare a evalu\u0103rii [&hellip;]\" \/>\n<meta property=\"og:url\" content=\"https:\/\/ps2021-2027.adroltenia.ro\/index.php\/informatii-pentru-beneficiari-2\/\" \/>\n<meta property=\"og:site_name\" content=\"PS\" \/>\n<meta property=\"article:modified_time\" content=\"2026-04-15T11:00:49+00:00\" \/>\n<meta name=\"twitter:card\" content=\"summary_large_image\" \/>\n<meta name=\"twitter:label1\" content=\"Timp estimat pentru citire\" \/>\n\t<meta name=\"twitter:data1\" content=\"5 minute\" \/>\n<script type=\"application\/ld+json\" class=\"yoast-schema-graph\">{\"@context\":\"https:\/\/schema.org\",\"@graph\":[{\"@type\":\"WebPage\",\"@id\":\"https:\/\/ps2021-2027.adroltenia.ro\/index.php\/informatii-pentru-beneficiari-2\/\",\"url\":\"https:\/\/ps2021-2027.adroltenia.ro\/index.php\/informatii-pentru-beneficiari-2\/\",\"name\":\"INFORMA\u021aII PENTRU BENEFICIARI | PS\",\"isPartOf\":{\"@id\":\"https:\/\/ps2021-2027.adroltenia.ro\/#website\"},\"datePublished\":\"2024-05-10T07:01:07+00:00\",\"dateModified\":\"2026-04-15T11:00:49+00:00\",\"inLanguage\":\"ro-RO\",\"potentialAction\":[{\"@type\":\"ReadAction\",\"target\":[\"https:\/\/ps2021-2027.adroltenia.ro\/index.php\/informatii-pentru-beneficiari-2\/\"]}]},{\"@type\":\"WebSite\",\"@id\":\"https:\/\/ps2021-2027.adroltenia.ro\/#website\",\"url\":\"https:\/\/ps2021-2027.adroltenia.ro\/\",\"name\":\"PS\",\"description\":\"\",\"potentialAction\":[{\"@type\":\"SearchAction\",\"target\":{\"@type\":\"EntryPoint\",\"urlTemplate\":\"https:\/\/ps2021-2027.adroltenia.ro\/?s={search_term_string}\"},\"query-input\":\"required name=search_term_string\"}],\"inLanguage\":\"ro-RO\"}]}<\/script>\n<!-- \/ Yoast SEO plugin. -->","yoast_head_json":{"title":"INFORMA\u021aII PENTRU BENEFICIARI | PS","robots":{"index":"index","follow":"follow","max-snippet":"max-snippet:-1","max-image-preview":"max-image-preview:large","max-video-preview":"max-video-preview:-1"},"canonical":"https:\/\/ps2021-2027.adroltenia.ro\/index.php\/informatii-pentru-beneficiari-2\/","og_locale":"ro_RO","og_type":"article","og_title":"INFORMA\u021aII PENTRU BENEFICIARI | PS","og_description":"15.04.2026 &#8211;\u00a0Ministerul Investi\u021biilor \u0219i Proiectelor Europene, prin Autoritatea de Management pentru Programul S\u0103n\u0103tate, public\u0103 Listele intermediare ale proiectelor aprobate, aflate pe lista de rezerv\u0103 \u0219i respinse \u00een etapa de evaluare tehnico-financiar\u0103 pentru apelul de proiecte \u201eInvesti\u021bii \u00een infrastructura public\u0103 a ambulatoriilor implicate \u00een implementarea de programe de screening\u201d, cod apel PS\/720\/PS_P1\/OP4\/RSO4.5\/PS_P1_RSO4.5_A2. Ca urmare a evalu\u0103rii [&hellip;]","og_url":"https:\/\/ps2021-2027.adroltenia.ro\/index.php\/informatii-pentru-beneficiari-2\/","og_site_name":"PS","article_modified_time":"2026-04-15T11:00:49+00:00","twitter_card":"summary_large_image","twitter_misc":{"Timp estimat pentru citire":"5 minute"},"schema":{"@context":"https:\/\/schema.org","@graph":[{"@type":"WebPage","@id":"https:\/\/ps2021-2027.adroltenia.ro\/index.php\/informatii-pentru-beneficiari-2\/","url":"https:\/\/ps2021-2027.adroltenia.ro\/index.php\/informatii-pentru-beneficiari-2\/","name":"INFORMA\u021aII PENTRU BENEFICIARI | PS","isPartOf":{"@id":"https:\/\/ps2021-2027.adroltenia.ro\/#website"},"datePublished":"2024-05-10T07:01:07+00:00","dateModified":"2026-04-15T11:00:49+00:00","inLanguage":"ro-RO","potentialAction":[{"@type":"ReadAction","target":["https:\/\/ps2021-2027.adroltenia.ro\/index.php\/informatii-pentru-beneficiari-2\/"]}]},{"@type":"WebSite","@id":"https:\/\/ps2021-2027.adroltenia.ro\/#website","url":"https:\/\/ps2021-2027.adroltenia.ro\/","name":"PS","description":"","potentialAction":[{"@type":"SearchAction","target":{"@type":"EntryPoint","urlTemplate":"https:\/\/ps2021-2027.adroltenia.ro\/?s={search_term_string}"},"query-input":"required name=search_term_string"}],"inLanguage":"ro-RO"}]}},"_links":{"self":[{"href":"https:\/\/ps2021-2027.adroltenia.ro\/index.php\/wp-json\/wp\/v2\/pages\/1792","targetHints":{"allow":["GET"]}}],"collection":[{"href":"https:\/\/ps2021-2027.adroltenia.ro\/index.php\/wp-json\/wp\/v2\/pages"}],"about":[{"href":"https:\/\/ps2021-2027.adroltenia.ro\/index.php\/wp-json\/wp\/v2\/types\/page"}],"author":[{"embeddable":true,"href":"https:\/\/ps2021-2027.adroltenia.ro\/index.php\/wp-json\/wp\/v2\/users\/3"}],"replies":[{"embeddable":true,"href":"https:\/\/ps2021-2027.adroltenia.ro\/index.php\/wp-json\/wp\/v2\/comments?post=1792"}],"version-history":[{"count":14,"href":"https:\/\/ps2021-2027.adroltenia.ro\/index.php\/wp-json\/wp\/v2\/pages\/1792\/revisions"}],"predecessor-version":[{"id":4256,"href":"https:\/\/ps2021-2027.adroltenia.ro\/index.php\/wp-json\/wp\/v2\/pages\/1792\/revisions\/4256"}],"wp:attachment":[{"href":"https:\/\/ps2021-2027.adroltenia.ro\/index.php\/wp-json\/wp\/v2\/media?parent=1792"}],"curies":[{"name":"wp","href":"https:\/\/api.w.org\/{rel}","templated":true}]}}