{"id":196,"date":"2024-02-01T11:12:18","date_gmt":"2024-02-01T11:12:18","guid":{"rendered":"http:\/\/192.168.0.133:8072\/?page_id=196"},"modified":"2025-05-12T10:39:39","modified_gmt":"2025-05-12T10:39:39","slug":"alerta-nereguli","status":"publish","type":"page","link":"https:\/\/ps2021-2027.adroltenia.ro\/index.php\/alerta-nereguli\/","title":{"rendered":"ALERT\u0102 NEREGULI"},"content":{"rendered":"\t\t<div data-elementor-type=\"wp-page\" data-elementor-id=\"196\" class=\"elementor elementor-196\" data-elementor-post-type=\"page\">\n\t\t\t\t\t\t<section class=\"elementor-section elementor-top-section elementor-element elementor-element-95645a5 elementor-section-boxed elementor-section-height-default elementor-section-height-default exad-glass-effect-no exad-sticky-section-no\" data-id=\"95645a5\" data-element_type=\"section\" data-e-type=\"section\">\n\t\t\t\t\t\t<div class=\"elementor-container elementor-column-gap-default\">\n\t\t\t\t\t<div class=\"elementor-column elementor-col-50 elementor-top-column elementor-element elementor-element-e9bab87 exad-glass-effect-no exad-sticky-section-no\" data-id=\"e9bab87\" data-element_type=\"column\" data-e-type=\"column\">\n\t\t\t<div class=\"elementor-widget-wrap elementor-element-populated\">\n\t\t\t\t\t\t<div class=\"elementor-element elementor-element-e94da71 exad-sticky-section-no exad-glass-effect-no elementor-widget elementor-widget-spacer\" data-id=\"e94da71\" data-element_type=\"widget\" data-e-type=\"widget\" data-widget_type=\"spacer.default\">\n\t\t\t\t<div class=\"elementor-widget-container\">\n\t\t\t\t\t\t\t<div class=\"elementor-spacer\">\n\t\t\t<div class=\"elementor-spacer-inner\"><\/div>\n\t\t<\/div>\n\t\t\t\t\t\t<\/div>\n\t\t\t\t<\/div>\n\t\t\t\t<div class=\"elementor-element elementor-element-3879f30 exad-sticky-section-no exad-glass-effect-no elementor-widget elementor-widget-text-editor\" data-id=\"3879f30\" data-element_type=\"widget\" data-e-type=\"widget\" data-widget_type=\"text-editor.default\">\n\t\t\t\t<div class=\"elementor-widget-container\">\n\t\t\t\t\t\t\t\t\t<p align=\"justify\"><b>Orice persoana interesata de implementarea Programului S<\/b><b>\u0103n\u0103tate 2021-2027<\/b><b>, poate trimite alerte \u00een ceea ce priveste neregulile la adresa de e-mail: <\/b><b>office<\/b><b>@adroltenia.ro sau prin completarea formularului alaturat.<\/b><\/p><p align=\"justify\">Frauda este un act de \u00een\u0219el\u0103ciune comis pentru a ob\u021bine c\u00e2\u0219tiguri personale sau pentru a cauza o pierdere unei alte p\u0103r\u021bi (A se vedea articolul 3 alineatul (2) din Directiva (UE) 2017\/1371).<br \/>O neregul\u0103 este un act care nu respect\u0103 normele UE \u0219i care ar putea afecta interesele financiare ale UE, dar care ar putea fi rezultatul unor erori reale comise at\u00e2t de beneficiarii care au solicitat fonduri, c\u00e2t \u0219i de autorit\u0103\u021bile responsabile cu efectuarea pl\u0103\u021bilor.<br \/>Neregulile comise deliberat reprezint\u0103 cazuri de fraud\u0103 (pentru detalii, citi\u021bi articolul 1 din Regulamentul nr. 2988\/95 al Consiliului).<\/p><p align=\"justify\"><a href=\"https:\/\/ps2021-2027.adroltenia.ro\/wp-content\/uploads\/2025\/05\/F-PO.OIPS_.01.ERF_.01-Declaratia-antifrauda_DDelureanu.pdf\"><span style=\"color: #266e99;\"><b>Descarca Declaratia Directorului OIPS SV OLTENIA 2021-2027<\/b><\/span><\/a><\/p><p align=\"justify\"><a href=\"https:\/\/ps2021-2027.adroltenia.ro\/wp-content\/uploads\/2025\/05\/Controale-de-atenuare-recomandate-anexa-2-EGESIF-14-0021-00.pdf\"><span style=\"color: #266e99;\"><b>Anexa 2 Controale de atenuare recomandate \u00a0\u2013 Ghid EGESIF _14-0021-00- ,,Evaluarea riscului de fraud\u0103 \u0219i m\u0103suri antifraud\u0103 eficace \u0219i propor\u021bionale\u201d<\/b><\/span><\/a><\/p><p align=\"justify\">Documentul de mai sus furnizeaz\u0103 informatii referitoare la indicatorii de frauda si controalele de atenuare recomandate in situa\u021bia identific\u0103rii unor riscuri de fraud\u0103 la nivelul OIPS SV Oltenia prin AMPS.<\/p><p align=\"justify\">Indicatorii de fraud\u0103 stabili\u021bi pentru domeniile sensibile sunt cunoscu\u021bi \u0219i \u00een\u021bele\u0219i de c\u0103tre angaja\u021bii OIPS care pot detecta un comportament fraudulos, \u00een func\u021bie de tipurile verific\u0103rilor specifice care se realizeaza la nivelul structurilor OIPS Sud Vest Oltenia<\/p><p align=\"justify\">Pl\u00e2ngeri cu privire la cazurile \u00een care opera\u021biunile sprijinite de fonduri nu respect\u0103 accesibilitatea pentru persoanele cu dizabilit\u0103\u021bi, \u00een conformitate cu articolul 9 din Conven\u021bia ONU privind drepturile persoanelor cu dizabilit\u0103\u021bi (CDPD a ONU), pot fi transmise \u0219i \u00een aten\u021bia Punctului de contact pentru implementarea CDPD a ONU, din cadrul Ministerului Investi\u021biilor \u0219i Proiectelor Europene, la adresa de email: fonduri.dizabilitati@mfe.gov.ro.<br \/>\u00cen acela\u0219i timp, art. 69 (7) din Regulamentul (UE) nr. 2021\/1060 prevede faptul c\u0103 examinarea la nivel na\u021bional a sesiz\u0103rilor nu aduce atingere posibilit\u0103\u021bii generale a cet\u0103\u021benilor \u0219i a p\u0103r\u021bilor interesate de a adresa pl\u00e2ngeri Comisiei Europene. La cererea Comisiei, statele membre vor examina pl\u00e2ngerile \u00eenaintate acesteia care se \u00eencadreaz\u0103 \u00een sfera de ac\u021biune a programelor lor \u0219i vor informa Comisia cu privire la rezultatele respectivelor examin\u0103ri.<\/p>\t\t\t\t\t\t\t\t<\/div>\n\t\t\t\t<\/div>\n\t\t\t\t\t<\/div>\n\t\t<\/div>\n\t\t\t\t<div class=\"elementor-column elementor-col-50 elementor-top-column elementor-element elementor-element-95540ef exad-glass-effect-no exad-sticky-section-no\" data-id=\"95540ef\" data-element_type=\"column\" data-e-type=\"column\">\n\t\t\t<div class=\"elementor-widget-wrap elementor-element-populated\">\n\t\t\t\t\t\t<div class=\"elementor-element elementor-element-72530d4 exad-sticky-section-no exad-glass-effect-no elementor-widget elementor-widget-spacer\" data-id=\"72530d4\" data-element_type=\"widget\" data-e-type=\"widget\" data-widget_type=\"spacer.default\">\n\t\t\t\t<div class=\"elementor-widget-container\">\n\t\t\t\t\t\t\t<div class=\"elementor-spacer\">\n\t\t\t<div class=\"elementor-spacer-inner\"><\/div>\n\t\t<\/div>\n\t\t\t\t\t\t<\/div>\n\t\t\t\t<\/div>\n\t\t\t\t<div class=\"elementor-element elementor-element-61ac3a3 elementor-button-align-stretch exad-sticky-section-no exad-glass-effect-no elementor-widget elementor-widget-form\" data-id=\"61ac3a3\" data-element_type=\"widget\" data-e-type=\"widget\" data-settings=\"{&quot;step_next_label&quot;:&quot;Next&quot;,&quot;step_previous_label&quot;:&quot;Previous&quot;,&quot;button_width&quot;:&quot;33&quot;,&quot;step_type&quot;:&quot;number_text&quot;,&quot;step_icon_shape&quot;:&quot;circle&quot;}\" data-widget_type=\"form.default\">\n\t\t\t\t<div class=\"elementor-widget-container\">\n\t\t\t\t\t\t\t<form class=\"elementor-form\" method=\"post\" name=\"New Form\" aria-label=\"New Form\">\n\t\t\t<input type=\"hidden\" name=\"post_id\" value=\"196\"\/>\n\t\t\t<input type=\"hidden\" name=\"form_id\" value=\"61ac3a3\"\/>\n\t\t\t<input type=\"hidden\" name=\"referer_title\" value=\"PS\" \/>\n\n\t\t\t\n\t\t\t<div class=\"elementor-form-fields-wrapper elementor-labels-\">\n\t\t\t\t\t\t\t\t<div class=\"elementor-field-type-text elementor-field-group elementor-column elementor-field-group-name elementor-col-100\">\n\t\t\t\t\t\t\t\t\t\t\t\t<label for=\"form-field-name\" class=\"elementor-field-label elementor-screen-only\">\n\t\t\t\t\t\t\t\tNume\t\t\t\t\t\t\t<\/label>\n\t\t\t\t\t\t\t\t\t\t\t\t\t\t<input size=\"1\" type=\"text\" name=\"form_fields[name]\" id=\"form-field-name\" class=\"elementor-field elementor-size-sm  elementor-field-textual\" placeholder=\"Nume\">\n\t\t\t\t\t\t\t\t\t\t\t<\/div>\n\t\t\t\t\t\t\t\t<div class=\"elementor-field-type-email elementor-field-group elementor-column elementor-field-group-email elementor-col-100 elementor-field-required\">\n\t\t\t\t\t\t\t\t\t\t\t\t<label for=\"form-field-email\" class=\"elementor-field-label elementor-screen-only\">\n\t\t\t\t\t\t\t\tEmail\t\t\t\t\t\t\t<\/label>\n\t\t\t\t\t\t\t\t\t\t\t\t\t\t<input size=\"1\" type=\"email\" name=\"form_fields[email]\" id=\"form-field-email\" class=\"elementor-field elementor-size-sm  elementor-field-textual\" placeholder=\"Email\" required=\"required\">\n\t\t\t\t\t\t\t\t\t\t\t<\/div>\n\t\t\t\t\t\t\t\t<div class=\"elementor-field-type-textarea elementor-field-group elementor-column elementor-field-group-message elementor-col-100\">\n\t\t\t\t\t\t\t\t\t\t\t\t<label for=\"form-field-message\" class=\"elementor-field-label elementor-screen-only\">\n\t\t\t\t\t\t\t\tMesaj\t\t\t\t\t\t\t<\/label>\n\t\t\t\t\t\t<textarea class=\"elementor-field-textual elementor-field  elementor-size-sm\" name=\"form_fields[message]\" id=\"form-field-message\" rows=\"4\" placeholder=\"Mesaj\"><\/textarea>\t\t\t\t<\/div>\n\t\t\t\t\t\t\t\t<div class=\"elementor-field-type-upload elementor-field-group elementor-column elementor-field-group-field_369be03 elementor-col-100\">\n\t\t\t\t\t\t\t\t\t\t\t\t<label for=\"form-field-field_369be03\" class=\"elementor-field-label elementor-screen-only\">\n\t\t\t\t\t\t\t\t\u00cencarc\u0103 fi\u0219ier\t\t\t\t\t\t\t<\/label>\n\t\t\t\t\t\t\t\t<input type=\"file\" name=\"form_fields[field_369be03]\" id=\"form-field-field_369be03\" class=\"elementor-field elementor-size-sm  elementor-upload-field\" data-maxsize=\"50\" data-maxsize-message=\"Fi\u0219ierul dep\u0103\u0219e\u0219te dimensiunea maxim\u0103 permis\u0103.\">\n\n\t\t\t\t\t\t<\/div>\n\t\t\t\t\t\t\t\t<div class=\"elementor-field-type-recaptcha elementor-field-group elementor-column elementor-field-group-field_e2878d8 elementor-col-100\">\n\t\t\t\t\t<div class=\"elementor-field\" id=\"form-field-field_e2878d8\"><\/div>\t\t\t\t<\/div>\n\t\t\t\t\t\t\t\t<div class=\"elementor-field-group elementor-column elementor-field-type-submit elementor-col-33 e-form__buttons\">\n\t\t\t\t\t<button class=\"elementor-button elementor-size-sm\" type=\"submit\">\n\t\t\t\t\t\t<span class=\"elementor-button-content-wrapper\">\n\t\t\t\t\t\t\t\t\t\t\t\t\t\t\t\t\t\t\t\t\t\t<span class=\"elementor-button-text\">Trimite<\/span>\n\t\t\t\t\t\t\t\t\t\t\t\t\t<\/span>\n\t\t\t\t\t<\/button>\n\t\t\t\t<\/div>\n\t\t\t<\/div>\n\t\t<\/form>\n\t\t\t\t\t\t<\/div>\n\t\t\t\t<\/div>\n\t\t\t\t\t<\/div>\n\t\t<\/div>\n\t\t\t\t\t<\/div>\n\t\t<\/section>\n\t\t\t\t<\/div>\n\t\t","protected":false},"excerpt":{"rendered":"<p>Orice persoana interesata de implementarea Programului S\u0103n\u0103tate 2021-2027, poate trimite alerte \u00een ceea ce priveste neregulile la adresa de e-mail: office@adroltenia.ro sau prin completarea formularului alaturat. Frauda este un act de \u00een\u0219el\u0103ciune comis pentru a ob\u021bine c\u00e2\u0219tiguri personale sau pentru a cauza o pierdere unei alte p\u0103r\u021bi (A se vedea articolul 3 alineatul (2) din [&hellip;]<\/p>\n","protected":false},"author":3,"featured_media":0,"parent":0,"menu_order":0,"comment_status":"closed","ping_status":"closed","template":"","meta":{"footnotes":""},"class_list":["post-196","page","type-page","status-publish","hentry"],"yoast_head":"<!-- This site is optimized with the Yoast SEO plugin v27.4 - https:\/\/yoast.com\/product\/yoast-seo-wordpress\/ -->\n<title>ALERT\u0102 NEREGULI | PS<\/title>\n<meta name=\"robots\" content=\"index, follow, max-snippet:-1, max-image-preview:large, max-video-preview:-1\" \/>\n<link rel=\"canonical\" href=\"https:\/\/ps2021-2027.adroltenia.ro\/index.php\/alerta-nereguli\/\" \/>\n<meta property=\"og:locale\" content=\"ro_RO\" \/>\n<meta property=\"og:type\" content=\"article\" \/>\n<meta property=\"og:title\" content=\"ALERT\u0102 NEREGULI | PS\" \/>\n<meta property=\"og:description\" content=\"Orice persoana interesata de implementarea Programului S\u0103n\u0103tate 2021-2027, poate trimite alerte \u00een ceea ce priveste neregulile la adresa de e-mail: office@adroltenia.ro sau prin completarea formularului alaturat. Frauda este un act de \u00een\u0219el\u0103ciune comis pentru a ob\u021bine c\u00e2\u0219tiguri personale sau pentru a cauza o pierdere unei alte p\u0103r\u021bi (A se vedea articolul 3 alineatul (2) din [&hellip;]\" \/>\n<meta property=\"og:url\" content=\"https:\/\/ps2021-2027.adroltenia.ro\/index.php\/alerta-nereguli\/\" \/>\n<meta property=\"og:site_name\" content=\"PS\" \/>\n<meta property=\"article:modified_time\" content=\"2025-05-12T10:39:39+00:00\" \/>\n<meta name=\"twitter:card\" content=\"summary_large_image\" \/>\n<meta name=\"twitter:label1\" content=\"Timp estimat pentru citire\" \/>\n\t<meta name=\"twitter:data1\" content=\"2 minute\" \/>\n<script type=\"application\/ld+json\" class=\"yoast-schema-graph\">{\"@context\":\"https:\\\/\\\/schema.org\",\"@graph\":[{\"@type\":\"WebPage\",\"@id\":\"https:\\\/\\\/ps2021-2027.adroltenia.ro\\\/index.php\\\/alerta-nereguli\\\/\",\"url\":\"https:\\\/\\\/ps2021-2027.adroltenia.ro\\\/index.php\\\/alerta-nereguli\\\/\",\"name\":\"ALERT\u0102 NEREGULI | PS\",\"isPartOf\":{\"@id\":\"https:\\\/\\\/ps2021-2027.adroltenia.ro\\\/#website\"},\"datePublished\":\"2024-02-01T11:12:18+00:00\",\"dateModified\":\"2025-05-12T10:39:39+00:00\",\"inLanguage\":\"ro-RO\",\"potentialAction\":[{\"@type\":\"ReadAction\",\"target\":[\"https:\\\/\\\/ps2021-2027.adroltenia.ro\\\/index.php\\\/alerta-nereguli\\\/\"]}]},{\"@type\":\"WebSite\",\"@id\":\"https:\\\/\\\/ps2021-2027.adroltenia.ro\\\/#website\",\"url\":\"https:\\\/\\\/ps2021-2027.adroltenia.ro\\\/\",\"name\":\"PS\",\"description\":\"\",\"publisher\":{\"@id\":\"https:\\\/\\\/ps2021-2027.adroltenia.ro\\\/#organization\"},\"potentialAction\":[{\"@type\":\"SearchAction\",\"target\":{\"@type\":\"EntryPoint\",\"urlTemplate\":\"https:\\\/\\\/ps2021-2027.adroltenia.ro\\\/?s={search_term_string}\"},\"query-input\":{\"@type\":\"PropertyValueSpecification\",\"valueRequired\":true,\"valueName\":\"search_term_string\"}}],\"inLanguage\":\"ro-RO\"},{\"@type\":\"Organization\",\"@id\":\"https:\\\/\\\/ps2021-2027.adroltenia.ro\\\/#organization\",\"name\":\"PS\",\"url\":\"https:\\\/\\\/ps2021-2027.adroltenia.ro\\\/\",\"logo\":{\"@type\":\"ImageObject\",\"inLanguage\":\"ro-RO\",\"@id\":\"https:\\\/\\\/ps2021-2027.adroltenia.ro\\\/#\\\/schema\\\/logo\\\/image\\\/\",\"url\":\"https:\\\/\\\/ps2021-2027.adroltenia.ro\\\/wp-content\\\/uploads\\\/2024\\\/01\\\/ps-logo.jpg\",\"contentUrl\":\"https:\\\/\\\/ps2021-2027.adroltenia.ro\\\/wp-content\\\/uploads\\\/2024\\\/01\\\/ps-logo.jpg\",\"width\":808,\"height\":164,\"caption\":\"PS\"},\"image\":{\"@id\":\"https:\\\/\\\/ps2021-2027.adroltenia.ro\\\/#\\\/schema\\\/logo\\\/image\\\/\"}}]}<\/script>\n<!-- \/ Yoast SEO plugin. -->","yoast_head_json":{"title":"ALERT\u0102 NEREGULI | PS","robots":{"index":"index","follow":"follow","max-snippet":"max-snippet:-1","max-image-preview":"max-image-preview:large","max-video-preview":"max-video-preview:-1"},"canonical":"https:\/\/ps2021-2027.adroltenia.ro\/index.php\/alerta-nereguli\/","og_locale":"ro_RO","og_type":"article","og_title":"ALERT\u0102 NEREGULI | PS","og_description":"Orice persoana interesata de implementarea Programului S\u0103n\u0103tate 2021-2027, poate trimite alerte \u00een ceea ce priveste neregulile la adresa de e-mail: office@adroltenia.ro sau prin completarea formularului alaturat. Frauda este un act de \u00een\u0219el\u0103ciune comis pentru a ob\u021bine c\u00e2\u0219tiguri personale sau pentru a cauza o pierdere unei alte p\u0103r\u021bi (A se vedea articolul 3 alineatul (2) din [&hellip;]","og_url":"https:\/\/ps2021-2027.adroltenia.ro\/index.php\/alerta-nereguli\/","og_site_name":"PS","article_modified_time":"2025-05-12T10:39:39+00:00","twitter_card":"summary_large_image","twitter_misc":{"Timp estimat pentru citire":"2 minute"},"schema":{"@context":"https:\/\/schema.org","@graph":[{"@type":"WebPage","@id":"https:\/\/ps2021-2027.adroltenia.ro\/index.php\/alerta-nereguli\/","url":"https:\/\/ps2021-2027.adroltenia.ro\/index.php\/alerta-nereguli\/","name":"ALERT\u0102 NEREGULI | PS","isPartOf":{"@id":"https:\/\/ps2021-2027.adroltenia.ro\/#website"},"datePublished":"2024-02-01T11:12:18+00:00","dateModified":"2025-05-12T10:39:39+00:00","inLanguage":"ro-RO","potentialAction":[{"@type":"ReadAction","target":["https:\/\/ps2021-2027.adroltenia.ro\/index.php\/alerta-nereguli\/"]}]},{"@type":"WebSite","@id":"https:\/\/ps2021-2027.adroltenia.ro\/#website","url":"https:\/\/ps2021-2027.adroltenia.ro\/","name":"PS","description":"","publisher":{"@id":"https:\/\/ps2021-2027.adroltenia.ro\/#organization"},"potentialAction":[{"@type":"SearchAction","target":{"@type":"EntryPoint","urlTemplate":"https:\/\/ps2021-2027.adroltenia.ro\/?s={search_term_string}"},"query-input":{"@type":"PropertyValueSpecification","valueRequired":true,"valueName":"search_term_string"}}],"inLanguage":"ro-RO"},{"@type":"Organization","@id":"https:\/\/ps2021-2027.adroltenia.ro\/#organization","name":"PS","url":"https:\/\/ps2021-2027.adroltenia.ro\/","logo":{"@type":"ImageObject","inLanguage":"ro-RO","@id":"https:\/\/ps2021-2027.adroltenia.ro\/#\/schema\/logo\/image\/","url":"https:\/\/ps2021-2027.adroltenia.ro\/wp-content\/uploads\/2024\/01\/ps-logo.jpg","contentUrl":"https:\/\/ps2021-2027.adroltenia.ro\/wp-content\/uploads\/2024\/01\/ps-logo.jpg","width":808,"height":164,"caption":"PS"},"image":{"@id":"https:\/\/ps2021-2027.adroltenia.ro\/#\/schema\/logo\/image\/"}}]}},"_links":{"self":[{"href":"https:\/\/ps2021-2027.adroltenia.ro\/index.php\/wp-json\/wp\/v2\/pages\/196","targetHints":{"allow":["GET"]}}],"collection":[{"href":"https:\/\/ps2021-2027.adroltenia.ro\/index.php\/wp-json\/wp\/v2\/pages"}],"about":[{"href":"https:\/\/ps2021-2027.adroltenia.ro\/index.php\/wp-json\/wp\/v2\/types\/page"}],"author":[{"embeddable":true,"href":"https:\/\/ps2021-2027.adroltenia.ro\/index.php\/wp-json\/wp\/v2\/users\/3"}],"replies":[{"embeddable":true,"href":"https:\/\/ps2021-2027.adroltenia.ro\/index.php\/wp-json\/wp\/v2\/comments?post=196"}],"version-history":[{"count":0,"href":"https:\/\/ps2021-2027.adroltenia.ro\/index.php\/wp-json\/wp\/v2\/pages\/196\/revisions"}],"wp:attachment":[{"href":"https:\/\/ps2021-2027.adroltenia.ro\/index.php\/wp-json\/wp\/v2\/media?parent=196"}],"curies":[{"name":"wp","href":"https:\/\/api.w.org\/{rel}","templated":true}]}}