{"id":2393,"date":"2024-09-10T05:59:35","date_gmt":"2024-09-10T05:59:35","guid":{"rendered":"https:\/\/ps2021-2027.adroltenia.ro\/?page_id=2393"},"modified":"2024-10-23T14:05:04","modified_gmt":"2024-10-23T14:05:04","slug":"generator-de-machete","status":"publish","type":"page","link":"https:\/\/ps2021-2027.adroltenia.ro\/index.php\/generator-de-machete\/","title":{"rendered":"Instrumente de vizibilitate"},"content":{"rendered":"\t\t<div data-elementor-type=\"wp-page\" data-elementor-id=\"2393\" class=\"elementor elementor-2393\" data-elementor-post-type=\"page\">\n\t\t\t\t<div class=\"elementor-element elementor-element-05eba1b e-flex e-con-boxed e-con e-parent\" data-id=\"05eba1b\" data-element_type=\"container\" data-e-type=\"container\">\n\t\t\t\t\t<div class=\"e-con-inner\">\n\t\t\t\t<div class=\"elementor-element elementor-element-5c33302 exad-sticky-section-no exad-glass-effect-no elementor-widget elementor-widget-text-editor\" data-id=\"5c33302\" data-element_type=\"widget\" data-e-type=\"widget\" data-widget_type=\"text-editor.default\">\n\t\t\t\t<div class=\"elementor-widget-container\">\n\t\t\t\t\t\t\t\t\t<div class=\"elementor elementor-28524\" data-elementor-type=\"wp-page\" data-elementor-id=\"28524\"><section class=\"elementor-section elementor-top-section elementor-element elementor-element-0c81fcf elementor-section-boxed elementor-section-height-default elementor-section-height-default exad-parallax-effect-no exad-background-color-change-no exad-glass-effect-no exad-sticky-section-no exad-particles-section\" data-particle_enable=\"false\" data-particle-mobile-disabled=\"false\" data-exad-particle-enable=\"false\" data-id=\"0c81fcf\" data-element_type=\"section\"><div class=\"elementor-container elementor-column-gap-default\"><div class=\"elementor-column elementor-col-100 elementor-top-column elementor-element elementor-element-11a1622 exad-glass-effect-no exad-sticky-section-no\" data-id=\"11a1622\" data-element_type=\"column\"><div class=\"elementor-widget-wrap elementor-element-populated\"><div class=\"elementor-element elementor-element-4d56030 exad-sticky-section-no exad-glass-effect-no elementor-widget elementor-widget-text-editor\" data-id=\"4d56030\" data-element_type=\"widget\" data-widget_type=\"text-editor.default\"><div class=\"elementor-widget-container\"><p>\u00a0<\/p><p><span style=\"color: #000000;\"><span style=\"color: #0000ff;\"><a style=\"color: #0000ff;\" href=\"https:\/\/generatormachete.mfe.gov.ro\/\"><span style=\"text-decoration: underline;\">Generatorul online<\/span><\/a>\u2013<\/span> Beneficiarii pot crea \u00een c\u00e2\u021biva pa\u0219i simpli fi\u0219iere pdf pentru panouri, pl\u0103ci \u0219i afi\u0219e specifice proiectului gata pentru imprimat;<\/span><\/p><p><span style=\"color: #000000;\"><span style=\"text-decoration: underline; color: #0000ff;\"><a style=\"color: #0000ff; text-decoration: underline;\" href=\"https:\/\/ec.europa.eu\/regional_policy\/information-sources\/logo-download-center_en\">Centrul de desc\u0103rcare<\/a><\/span>\u2013 Beneficiarii pot desc\u0103rca emblema UE cu diferitele declara\u021bii de finan\u021bare, pentru a fi utilizate \u00een orice material de comunicare, autocolante imprimabile \u0219i \u0219abloane ajustabile pentru panouri publicitare, pl\u0103ci \u0219i afi\u0219e;<\/span><\/p><p><span style=\"color: #000000;\"><span style=\"text-decoration: underline; color: #0000ff;\"><a style=\"color: #0000ff; text-decoration: underline;\" href=\"https:\/\/mfe.gov.ro\/wp-content\/uploads\/2022\/12\/5be0bca86ecd99a84e1f19c681958b41.pdf\">Ghid de identitate vizual\u0103 2021-2027<\/a>\u00a0<\/span>\u2013 GIV stabile\u0219te regulile generale de identitate vizual\u0103 care trebuie respectate \u00een perioada de programare 2021-2027, prezint\u0103 elementele vizuale obligatorii, o serie de medii de comunicare \u0219i modul (particularizat) specific de utilizare a identit\u0103\u021bii vizuale, precum \u0219i responsabilit\u0103\u021bile beneficiarilor.<\/span><\/p><\/div><\/div><\/div><\/div><\/div><\/section><\/div>\t\t\t\t\t\t\t\t<\/div>\n\t\t\t\t<\/div>\n\t\t\t\t\t<\/div>\n\t\t\t\t<\/div>\n\t\t\t\t<\/div>\n\t\t","protected":false},"excerpt":{"rendered":"<p>\u00a0 Generatorul online\u2013 Beneficiarii pot crea \u00een c\u00e2\u021biva pa\u0219i simpli fi\u0219iere pdf pentru panouri, pl\u0103ci \u0219i afi\u0219e specifice proiectului gata pentru imprimat; Centrul de desc\u0103rcare\u2013 Beneficiarii pot desc\u0103rca emblema UE cu diferitele declara\u021bii de finan\u021bare, pentru a fi utilizate \u00een orice material de comunicare, autocolante imprimabile \u0219i \u0219abloane ajustabile pentru panouri publicitare, pl\u0103ci \u0219i afi\u0219e; [&hellip;]<\/p>\n","protected":false},"author":3,"featured_media":0,"parent":0,"menu_order":0,"comment_status":"closed","ping_status":"closed","template":"","meta":{"footnotes":""},"class_list":["post-2393","page","type-page","status-publish","hentry"],"yoast_head":"<!-- This site is optimized with the Yoast SEO plugin v27.4 - https:\/\/yoast.com\/product\/yoast-seo-wordpress\/ -->\n<title>Instrumente de vizibilitate | PS<\/title>\n<meta name=\"robots\" content=\"index, follow, max-snippet:-1, max-image-preview:large, max-video-preview:-1\" \/>\n<link rel=\"canonical\" href=\"https:\/\/ps2021-2027.adroltenia.ro\/index.php\/generator-de-machete\/\" \/>\n<meta property=\"og:locale\" content=\"ro_RO\" \/>\n<meta property=\"og:type\" content=\"article\" \/>\n<meta property=\"og:title\" content=\"Instrumente de vizibilitate | PS\" \/>\n<meta property=\"og:description\" content=\"\u00a0 Generatorul online\u2013 Beneficiarii pot crea \u00een c\u00e2\u021biva pa\u0219i simpli fi\u0219iere pdf pentru panouri, pl\u0103ci \u0219i afi\u0219e specifice proiectului gata pentru imprimat; Centrul de desc\u0103rcare\u2013 Beneficiarii pot desc\u0103rca emblema UE cu diferitele declara\u021bii de finan\u021bare, pentru a fi utilizate \u00een orice material de comunicare, autocolante imprimabile \u0219i \u0219abloane ajustabile pentru panouri publicitare, pl\u0103ci \u0219i afi\u0219e; [&hellip;]\" \/>\n<meta property=\"og:url\" content=\"https:\/\/ps2021-2027.adroltenia.ro\/index.php\/generator-de-machete\/\" \/>\n<meta property=\"og:site_name\" content=\"PS\" \/>\n<meta property=\"article:modified_time\" content=\"2024-10-23T14:05:04+00:00\" \/>\n<meta name=\"twitter:card\" content=\"summary_large_image\" \/>\n<meta name=\"twitter:label1\" content=\"Timp estimat pentru citire\" \/>\n\t<meta name=\"twitter:data1\" content=\"2 minute\" \/>\n<script type=\"application\/ld+json\" class=\"yoast-schema-graph\">{\"@context\":\"https:\\\/\\\/schema.org\",\"@graph\":[{\"@type\":\"WebPage\",\"@id\":\"https:\\\/\\\/ps2021-2027.adroltenia.ro\\\/index.php\\\/generator-de-machete\\\/\",\"url\":\"https:\\\/\\\/ps2021-2027.adroltenia.ro\\\/index.php\\\/generator-de-machete\\\/\",\"name\":\"Instrumente de vizibilitate | PS\",\"isPartOf\":{\"@id\":\"https:\\\/\\\/ps2021-2027.adroltenia.ro\\\/#website\"},\"datePublished\":\"2024-09-10T05:59:35+00:00\",\"dateModified\":\"2024-10-23T14:05:04+00:00\",\"inLanguage\":\"ro-RO\",\"potentialAction\":[{\"@type\":\"ReadAction\",\"target\":[\"https:\\\/\\\/ps2021-2027.adroltenia.ro\\\/index.php\\\/generator-de-machete\\\/\"]}]},{\"@type\":\"WebSite\",\"@id\":\"https:\\\/\\\/ps2021-2027.adroltenia.ro\\\/#website\",\"url\":\"https:\\\/\\\/ps2021-2027.adroltenia.ro\\\/\",\"name\":\"PS\",\"description\":\"\",\"publisher\":{\"@id\":\"https:\\\/\\\/ps2021-2027.adroltenia.ro\\\/#organization\"},\"potentialAction\":[{\"@type\":\"SearchAction\",\"target\":{\"@type\":\"EntryPoint\",\"urlTemplate\":\"https:\\\/\\\/ps2021-2027.adroltenia.ro\\\/?s={search_term_string}\"},\"query-input\":{\"@type\":\"PropertyValueSpecification\",\"valueRequired\":true,\"valueName\":\"search_term_string\"}}],\"inLanguage\":\"ro-RO\"},{\"@type\":\"Organization\",\"@id\":\"https:\\\/\\\/ps2021-2027.adroltenia.ro\\\/#organization\",\"name\":\"PS\",\"url\":\"https:\\\/\\\/ps2021-2027.adroltenia.ro\\\/\",\"logo\":{\"@type\":\"ImageObject\",\"inLanguage\":\"ro-RO\",\"@id\":\"https:\\\/\\\/ps2021-2027.adroltenia.ro\\\/#\\\/schema\\\/logo\\\/image\\\/\",\"url\":\"https:\\\/\\\/ps2021-2027.adroltenia.ro\\\/wp-content\\\/uploads\\\/2024\\\/01\\\/ps-logo.jpg\",\"contentUrl\":\"https:\\\/\\\/ps2021-2027.adroltenia.ro\\\/wp-content\\\/uploads\\\/2024\\\/01\\\/ps-logo.jpg\",\"width\":808,\"height\":164,\"caption\":\"PS\"},\"image\":{\"@id\":\"https:\\\/\\\/ps2021-2027.adroltenia.ro\\\/#\\\/schema\\\/logo\\\/image\\\/\"}}]}<\/script>\n<!-- \/ Yoast SEO plugin. -->","yoast_head_json":{"title":"Instrumente de vizibilitate | PS","robots":{"index":"index","follow":"follow","max-snippet":"max-snippet:-1","max-image-preview":"max-image-preview:large","max-video-preview":"max-video-preview:-1"},"canonical":"https:\/\/ps2021-2027.adroltenia.ro\/index.php\/generator-de-machete\/","og_locale":"ro_RO","og_type":"article","og_title":"Instrumente de vizibilitate | PS","og_description":"\u00a0 Generatorul online\u2013 Beneficiarii pot crea \u00een c\u00e2\u021biva pa\u0219i simpli fi\u0219iere pdf pentru panouri, pl\u0103ci \u0219i afi\u0219e specifice proiectului gata pentru imprimat; Centrul de desc\u0103rcare\u2013 Beneficiarii pot desc\u0103rca emblema UE cu diferitele declara\u021bii de finan\u021bare, pentru a fi utilizate \u00een orice material de comunicare, autocolante imprimabile \u0219i \u0219abloane ajustabile pentru panouri publicitare, pl\u0103ci \u0219i afi\u0219e; [&hellip;]","og_url":"https:\/\/ps2021-2027.adroltenia.ro\/index.php\/generator-de-machete\/","og_site_name":"PS","article_modified_time":"2024-10-23T14:05:04+00:00","twitter_card":"summary_large_image","twitter_misc":{"Timp estimat pentru citire":"2 minute"},"schema":{"@context":"https:\/\/schema.org","@graph":[{"@type":"WebPage","@id":"https:\/\/ps2021-2027.adroltenia.ro\/index.php\/generator-de-machete\/","url":"https:\/\/ps2021-2027.adroltenia.ro\/index.php\/generator-de-machete\/","name":"Instrumente de vizibilitate | PS","isPartOf":{"@id":"https:\/\/ps2021-2027.adroltenia.ro\/#website"},"datePublished":"2024-09-10T05:59:35+00:00","dateModified":"2024-10-23T14:05:04+00:00","inLanguage":"ro-RO","potentialAction":[{"@type":"ReadAction","target":["https:\/\/ps2021-2027.adroltenia.ro\/index.php\/generator-de-machete\/"]}]},{"@type":"WebSite","@id":"https:\/\/ps2021-2027.adroltenia.ro\/#website","url":"https:\/\/ps2021-2027.adroltenia.ro\/","name":"PS","description":"","publisher":{"@id":"https:\/\/ps2021-2027.adroltenia.ro\/#organization"},"potentialAction":[{"@type":"SearchAction","target":{"@type":"EntryPoint","urlTemplate":"https:\/\/ps2021-2027.adroltenia.ro\/?s={search_term_string}"},"query-input":{"@type":"PropertyValueSpecification","valueRequired":true,"valueName":"search_term_string"}}],"inLanguage":"ro-RO"},{"@type":"Organization","@id":"https:\/\/ps2021-2027.adroltenia.ro\/#organization","name":"PS","url":"https:\/\/ps2021-2027.adroltenia.ro\/","logo":{"@type":"ImageObject","inLanguage":"ro-RO","@id":"https:\/\/ps2021-2027.adroltenia.ro\/#\/schema\/logo\/image\/","url":"https:\/\/ps2021-2027.adroltenia.ro\/wp-content\/uploads\/2024\/01\/ps-logo.jpg","contentUrl":"https:\/\/ps2021-2027.adroltenia.ro\/wp-content\/uploads\/2024\/01\/ps-logo.jpg","width":808,"height":164,"caption":"PS"},"image":{"@id":"https:\/\/ps2021-2027.adroltenia.ro\/#\/schema\/logo\/image\/"}}]}},"_links":{"self":[{"href":"https:\/\/ps2021-2027.adroltenia.ro\/index.php\/wp-json\/wp\/v2\/pages\/2393","targetHints":{"allow":["GET"]}}],"collection":[{"href":"https:\/\/ps2021-2027.adroltenia.ro\/index.php\/wp-json\/wp\/v2\/pages"}],"about":[{"href":"https:\/\/ps2021-2027.adroltenia.ro\/index.php\/wp-json\/wp\/v2\/types\/page"}],"author":[{"embeddable":true,"href":"https:\/\/ps2021-2027.adroltenia.ro\/index.php\/wp-json\/wp\/v2\/users\/3"}],"replies":[{"embeddable":true,"href":"https:\/\/ps2021-2027.adroltenia.ro\/index.php\/wp-json\/wp\/v2\/comments?post=2393"}],"version-history":[{"count":0,"href":"https:\/\/ps2021-2027.adroltenia.ro\/index.php\/wp-json\/wp\/v2\/pages\/2393\/revisions"}],"wp:attachment":[{"href":"https:\/\/ps2021-2027.adroltenia.ro\/index.php\/wp-json\/wp\/v2\/media?parent=2393"}],"curies":[{"name":"wp","href":"https:\/\/api.w.org\/{rel}","templated":true}]}}