{"id":3366,"date":"2024-12-24T09:31:29","date_gmt":"2024-12-24T09:31:29","guid":{"rendered":"https:\/\/ps2021-2027.adroltenia.ro\/?page_id=3366"},"modified":"2025-03-13T10:30:52","modified_gmt":"2025-03-13T10:30:52","slug":"contract-at-prioritatea-2-337203","status":"publish","type":"page","link":"https:\/\/ps2021-2027.adroltenia.ro\/index.php\/contract-at-prioritatea-2-337203\/","title":{"rendered":"CONTRACT AT &#8211; PRIORITATEA 2 &#8211; 337203"},"content":{"rendered":"\n<figure class=\"wp-block-image size-large\"><img fetchpriority=\"high\" decoding=\"async\" width=\"1024\" height=\"197\" src=\"https:\/\/ps2021-2027.adroltenia.ro\/wp-content\/uploads\/2024\/12\/Antet-poat-1024x197.jpg\" alt=\"\" class=\"wp-image-3374\" srcset=\"https:\/\/ps2021-2027.adroltenia.ro\/wp-content\/uploads\/2024\/12\/Antet-poat-1024x197.jpg 1024w, https:\/\/ps2021-2027.adroltenia.ro\/wp-content\/uploads\/2024\/12\/Antet-poat-300x58.jpg 300w, https:\/\/ps2021-2027.adroltenia.ro\/wp-content\/uploads\/2024\/12\/Antet-poat-768x148.jpg 768w, https:\/\/ps2021-2027.adroltenia.ro\/wp-content\/uploads\/2024\/12\/Antet-poat.jpg 1242w\" sizes=\"(max-width: 1024px) 100vw, 1024px\" \/><\/figure>\n\n\n\n<p class=\"has-text-align-center\"><strong>Proiect <\/strong>&nbsp;<strong>\u201eSprijin acordat ADR SV Oltenia pentru managementul, monitorizarea \u0219i controlul PoS 2021-2027\u201d,<\/strong> <strong>cod SMIS 337203<\/strong><\/p>\n\n\n\n<p><strong><a href=\"https:\/\/ps2021-2027.adroltenia.ro\/wp-content\/uploads\/2024\/12\/Anunt-incepere-proiect-337203.pdf\">24.12.2024 &#8211; Anun\u021b \u00eencepere proiect 337203<\/a><\/strong><\/p>\n\n\n\n<p>La data de 28.11.2024, a fost \u00cencheiat, \u00eentre <strong>Ministerul Investi\u021biilor \u0219i Proiectelor Europene<\/strong>, \u00een calitate de Autoritate de Management pentru Programul Opera\u021bional Asisten\u021b\u0103 Tehnic\u0103 2021 \u2013 2027 \u0219i <strong>Agen\u021bia pentru Dezvoltare Regional\u0103 Sud-Vest Oltenia, \u00een calitate de Beneficiar al finan\u021b\u0103rii,<\/strong> contractul de finan\u021bare CTRF 2.023\/ cod SMIS 337203 pentru proiectul cu titlul &nbsp;<strong>\u201eSprijin acordat ADR SV Oltenia pentru managementul, monitorizarea \u0219i controlul PoS &nbsp;2021-2027\u201d.<\/strong><\/p>\n\n\n\n<p><strong>Obiectivul general <\/strong>este de a asigura implementarea transparent\u0103 \u0219i eficient\u0103 a Programului S\u0103n\u0103tate 2021-2027 \u00een regiunea Sud-Vest Oltenia, prin \u00eendeplinirea corespunz\u0103toare \u0219i la timp a tuturor atribu\u021biilor delegate.<\/p>\n\n\n\n<p><strong>Obiectivul specific <\/strong>este de a utiliza sprijinul financiar in scopul de a cre\u0219te capacitatea administrativ\u0103 \u0219i de a crea baza material\u0103 necesar\u0103 \u00een derularea eficient\u0103 a activit\u0103\u021bilor specifice func\u021biilor delegate, astfel \u00eenc\u00e2t s\u0103 se asigure absorb\u021bia fondurilor alocate prin program \u00een regiune. Finan\u021barea proiectului va contribui \u00een mod direct la cre\u0219terea gradului de absorb\u021bie, la finalizarea perioadei de implementare solicitantul estim\u00e2nd:<\/p>\n\n\n\n<p>&#8211; 100 proiecte verificate \u0219i monitorizate tehnic \u0219i financiar, precum \u0219i din punctul de vedere al achizi\u021biilor;<\/p>\n\n\n\n<p>&#8211; cre\u0219terea capacit\u0103\u021bii tehnice \u0219i administrative \u0219i consolidarea capacit\u0103\u021bii de gestionare \u0219i implementare a Programului S\u0103n\u0103tate 2021-2027 la nivelul Agen\u021biei pentru Dezvoltare Regional\u0103 Sud-Vest Oltenia &#8211; Direc\u021bia Organism Intermediar Program S\u0103n\u0103tate.<\/p>\n\n\n\n<p>Prin proiect, va fi consolidat\u0103 capacitatea de implementare a Agen\u021biei pentru Dezvoltare Regional\u0103 Sud-Vest Oltenia \u0219i se vor asigura calitatea \u0219i coeren\u021ba opera\u021biunilor finan\u021bate din Programul S\u0103n\u0103tate 2021-2027 \u00een regiunea SV Oltenia, precum \u0219i utilizarea eficient\u0103 a fondurilor alocate acestui program, \u00een conformitate cu principiile \u0219i regulile de management financiar, monitorizare \u0219i control. De asemenea, se va l\u0103rgi \u0219i se va \u00eembun\u0103t\u0103\u021bi cadrul de cooperare \u0219i comunicare cu alte entit\u0103\u021bi relevante \u0219i actori interesati (institu\u021bii\/autorit\u0103\u021bi cu rol \u00een gestiunea FESI, poten\u021biali beneficiari PoS 2021-2027), fiind asigurat\u0103 cre\u0219terea vizibilit\u0103\u021bii \u0219i a transparen\u021bei programului. \u00cen urma implement\u0103rii proiectului, se va diversifica expertiza acumulat\u0103 de personal, fiind creat un plus de valoare \u0219i de experien\u021b\u0103 pentru urm\u0103toarea perioad\u0103 de programare.<\/p>\n\n\n\n<p><strong>Activit\u0103\u021bi derulate<\/strong>:<\/p>\n\n\n\n<ul class=\"wp-block-list\">\n<li>Managementul proiectului;<\/li>\n\n\n\n<li>Asigurarea cheltuielilor pentru derularea activitatilor aferente functiilor delegate;<\/li>\n\n\n\n<li>Instruirea personalul implicat in indeplinirea functiilor delegate;<\/li>\n\n\n\n<li>Informare si publicitate.<\/li>\n<\/ul>\n\n\n\n<p><strong>Rezultate a\u0219teptate:<\/strong><\/p>\n\n\n\n<ul class=\"wp-block-list\">\n<li>Cre\u0219terea capacit\u0103\u021bii administrative \u0219i de implementare a Agen\u021biei pentru Dezvoltare Regional\u0103 Sud-Vest Oltenia, prin asigurarea cheltuielilor cu 114 particip\u0103ri la instruiri pe tematici specifice;<\/li>\n\n\n\n<li>Asigurarea resurselor financiare pentru baza material\u0103 necesar\u0103 \u00een desf\u0103\u0219urarea activit\u0103\u021bilor specifice func\u021biilor delegate:<\/li>\n<\/ul>\n\n\n\n<p>&#8211; cheltuieli cu diurne pentru deplas\u0103rile personalului;<\/p>\n\n\n\n<p>&#8211; cheltuieli cu organizarea de evenimente, conform cap.VIII, art.15 din Acordul de delegare;<\/p>\n\n\n\n<p>&#8211; cheltuieli cu dot\u0103ri IT (29 buc calculatoare tip desktop, 29 buc laptop).<\/p>\n\n\n\n<p><strong>Valoarea total\u0103 eligibil\u0103 a proiectului<\/strong> este de 955.092,22 lei, din care valoare eligibil\u0103 nerambursabil\u0103 din partea Uniunii Europene este de 502.824,47 lei (52.6467%), iar valoarea eligibil\u0103 nerambursabil\u0103 din bugetul na\u021bional este de 452,267,75 lei (47,3533%).<\/p>\n\n\n\n<p><strong>Perioada de implementare a proiectului <\/strong>este de 37 luni de la data semn\u0103rii contractului de finan\u021bare de c\u0103tre ultima parte \u2013 28.11.2024, p\u00e2n\u0103 la 31.12.2027, la care se adaug\u0103 \u0219i perioada de desf\u0103\u0219urare a activit\u0103\u021bilor proiectului \u00eenainte de semnarea contractului de finan\u021bare, \u00eencep\u00e2nd de la 01.01.2024, conform regulilor de eligibilitate a cheltuielilor.<\/p>\n\n\n\n<p>Informa\u021bii suplimentare legate de proiect se pot solicita la <a href=\"mailto:office@adroltenia.ro\">office@adroltenia.ro<\/a> &nbsp;sau vizit\u00e2nd site-ul <a href=\"https:\/\/ps2021-2027.adroltenia.ro\/\">https:\/\/ps2021-2027.adroltenia.ro\/<\/a>.<\/p>\n\n\n\n<p class=\"has-text-align-center\"><strong>Proiect cofinan\u021bat prin<\/strong> <strong>Programul Asisten\u021b\u0103 Tehnic\u0103 2021-2027<\/strong><\/p>\n\n\n\n<p><a href=\"https:\/\/ps2021-2027.adroltenia.ro\/wp-content\/uploads\/2025\/03\/Comunicat-de-presa-incepere-proiect-337203.pdf\"><strong>Comunicat de pres\u0103<\/strong><\/a><\/p>\n","protected":false},"excerpt":{"rendered":"<p>Proiect &nbsp;\u201eSprijin acordat ADR SV Oltenia pentru managementul, monitorizarea \u0219i controlul PoS 2021-2027\u201d, cod SMIS 337203 24.12.2024 &#8211; Anun\u021b \u00eencepere proiect 337203 La data de 28.11.2024, a fost \u00cencheiat, \u00eentre Ministerul Investi\u021biilor \u0219i Proiectelor Europene, \u00een calitate de Autoritate de Management pentru Programul Opera\u021bional Asisten\u021b\u0103 Tehnic\u0103 2021 \u2013 2027 \u0219i Agen\u021bia pentru Dezvoltare Regional\u0103 Sud-Vest [&hellip;]<\/p>\n","protected":false},"author":3,"featured_media":0,"parent":0,"menu_order":0,"comment_status":"closed","ping_status":"closed","template":"","meta":{"footnotes":""},"class_list":["post-3366","page","type-page","status-publish","hentry"],"yoast_head":"<!-- This site is optimized with the Yoast SEO plugin v27.4 - https:\/\/yoast.com\/product\/yoast-seo-wordpress\/ -->\n<title>CONTRACT AT - PRIORITATEA 2 - 337203 | PS<\/title>\n<meta name=\"robots\" content=\"index, follow, max-snippet:-1, max-image-preview:large, max-video-preview:-1\" \/>\n<link rel=\"canonical\" href=\"https:\/\/ps2021-2027.adroltenia.ro\/index.php\/contract-at-prioritatea-2-337203\/\" \/>\n<meta property=\"og:locale\" content=\"ro_RO\" \/>\n<meta property=\"og:type\" content=\"article\" \/>\n<meta property=\"og:title\" content=\"CONTRACT AT - PRIORITATEA 2 - 337203 | PS\" \/>\n<meta property=\"og:description\" content=\"Proiect &nbsp;\u201eSprijin acordat ADR SV Oltenia pentru managementul, monitorizarea \u0219i controlul PoS 2021-2027\u201d, cod SMIS 337203 24.12.2024 &#8211; Anun\u021b \u00eencepere proiect 337203 La data de 28.11.2024, a fost \u00cencheiat, \u00eentre Ministerul Investi\u021biilor \u0219i Proiectelor Europene, \u00een calitate de Autoritate de Management pentru Programul Opera\u021bional Asisten\u021b\u0103 Tehnic\u0103 2021 \u2013 2027 \u0219i Agen\u021bia pentru Dezvoltare Regional\u0103 Sud-Vest [&hellip;]\" \/>\n<meta property=\"og:url\" content=\"https:\/\/ps2021-2027.adroltenia.ro\/index.php\/contract-at-prioritatea-2-337203\/\" \/>\n<meta property=\"og:site_name\" content=\"PS\" \/>\n<meta property=\"article:modified_time\" content=\"2025-03-13T10:30:52+00:00\" \/>\n<meta property=\"og:image\" content=\"https:\/\/ps2021-2027.adroltenia.ro\/wp-content\/uploads\/2024\/12\/Antet-poat-1024x197.jpg\" \/>\n<meta name=\"twitter:card\" content=\"summary_large_image\" \/>\n<meta name=\"twitter:label1\" content=\"Timp estimat pentru citire\" \/>\n\t<meta name=\"twitter:data1\" content=\"4 minute\" \/>\n<script type=\"application\/ld+json\" class=\"yoast-schema-graph\">{\"@context\":\"https:\\\/\\\/schema.org\",\"@graph\":[{\"@type\":\"WebPage\",\"@id\":\"https:\\\/\\\/ps2021-2027.adroltenia.ro\\\/index.php\\\/contract-at-prioritatea-2-337203\\\/\",\"url\":\"https:\\\/\\\/ps2021-2027.adroltenia.ro\\\/index.php\\\/contract-at-prioritatea-2-337203\\\/\",\"name\":\"CONTRACT AT - PRIORITATEA 2 - 337203 | PS\",\"isPartOf\":{\"@id\":\"https:\\\/\\\/ps2021-2027.adroltenia.ro\\\/#website\"},\"primaryImageOfPage\":{\"@id\":\"https:\\\/\\\/ps2021-2027.adroltenia.ro\\\/index.php\\\/contract-at-prioritatea-2-337203\\\/#primaryimage\"},\"image\":{\"@id\":\"https:\\\/\\\/ps2021-2027.adroltenia.ro\\\/index.php\\\/contract-at-prioritatea-2-337203\\\/#primaryimage\"},\"thumbnailUrl\":\"https:\\\/\\\/ps2021-2027.adroltenia.ro\\\/wp-content\\\/uploads\\\/2024\\\/12\\\/Antet-poat-1024x197.jpg\",\"datePublished\":\"2024-12-24T09:31:29+00:00\",\"dateModified\":\"2025-03-13T10:30:52+00:00\",\"inLanguage\":\"ro-RO\",\"potentialAction\":[{\"@type\":\"ReadAction\",\"target\":[\"https:\\\/\\\/ps2021-2027.adroltenia.ro\\\/index.php\\\/contract-at-prioritatea-2-337203\\\/\"]}]},{\"@type\":\"ImageObject\",\"inLanguage\":\"ro-RO\",\"@id\":\"https:\\\/\\\/ps2021-2027.adroltenia.ro\\\/index.php\\\/contract-at-prioritatea-2-337203\\\/#primaryimage\",\"url\":\"https:\\\/\\\/ps2021-2027.adroltenia.ro\\\/wp-content\\\/uploads\\\/2024\\\/12\\\/Antet-poat.jpg\",\"contentUrl\":\"https:\\\/\\\/ps2021-2027.adroltenia.ro\\\/wp-content\\\/uploads\\\/2024\\\/12\\\/Antet-poat.jpg\",\"width\":1242,\"height\":239},{\"@type\":\"WebSite\",\"@id\":\"https:\\\/\\\/ps2021-2027.adroltenia.ro\\\/#website\",\"url\":\"https:\\\/\\\/ps2021-2027.adroltenia.ro\\\/\",\"name\":\"PS\",\"description\":\"\",\"publisher\":{\"@id\":\"https:\\\/\\\/ps2021-2027.adroltenia.ro\\\/#organization\"},\"potentialAction\":[{\"@type\":\"SearchAction\",\"target\":{\"@type\":\"EntryPoint\",\"urlTemplate\":\"https:\\\/\\\/ps2021-2027.adroltenia.ro\\\/?s={search_term_string}\"},\"query-input\":{\"@type\":\"PropertyValueSpecification\",\"valueRequired\":true,\"valueName\":\"search_term_string\"}}],\"inLanguage\":\"ro-RO\"},{\"@type\":\"Organization\",\"@id\":\"https:\\\/\\\/ps2021-2027.adroltenia.ro\\\/#organization\",\"name\":\"PS\",\"url\":\"https:\\\/\\\/ps2021-2027.adroltenia.ro\\\/\",\"logo\":{\"@type\":\"ImageObject\",\"inLanguage\":\"ro-RO\",\"@id\":\"https:\\\/\\\/ps2021-2027.adroltenia.ro\\\/#\\\/schema\\\/logo\\\/image\\\/\",\"url\":\"https:\\\/\\\/ps2021-2027.adroltenia.ro\\\/wp-content\\\/uploads\\\/2024\\\/01\\\/ps-logo.jpg\",\"contentUrl\":\"https:\\\/\\\/ps2021-2027.adroltenia.ro\\\/wp-content\\\/uploads\\\/2024\\\/01\\\/ps-logo.jpg\",\"width\":808,\"height\":164,\"caption\":\"PS\"},\"image\":{\"@id\":\"https:\\\/\\\/ps2021-2027.adroltenia.ro\\\/#\\\/schema\\\/logo\\\/image\\\/\"}}]}<\/script>\n<!-- \/ Yoast SEO plugin. -->","yoast_head_json":{"title":"CONTRACT AT - PRIORITATEA 2 - 337203 | PS","robots":{"index":"index","follow":"follow","max-snippet":"max-snippet:-1","max-image-preview":"max-image-preview:large","max-video-preview":"max-video-preview:-1"},"canonical":"https:\/\/ps2021-2027.adroltenia.ro\/index.php\/contract-at-prioritatea-2-337203\/","og_locale":"ro_RO","og_type":"article","og_title":"CONTRACT AT - PRIORITATEA 2 - 337203 | PS","og_description":"Proiect &nbsp;\u201eSprijin acordat ADR SV Oltenia pentru managementul, monitorizarea \u0219i controlul PoS 2021-2027\u201d, cod SMIS 337203 24.12.2024 &#8211; Anun\u021b \u00eencepere proiect 337203 La data de 28.11.2024, a fost \u00cencheiat, \u00eentre Ministerul Investi\u021biilor \u0219i Proiectelor Europene, \u00een calitate de Autoritate de Management pentru Programul Opera\u021bional Asisten\u021b\u0103 Tehnic\u0103 2021 \u2013 2027 \u0219i Agen\u021bia pentru Dezvoltare Regional\u0103 Sud-Vest [&hellip;]","og_url":"https:\/\/ps2021-2027.adroltenia.ro\/index.php\/contract-at-prioritatea-2-337203\/","og_site_name":"PS","article_modified_time":"2025-03-13T10:30:52+00:00","og_image":[{"url":"https:\/\/ps2021-2027.adroltenia.ro\/wp-content\/uploads\/2024\/12\/Antet-poat-1024x197.jpg","type":"","width":"","height":""}],"twitter_card":"summary_large_image","twitter_misc":{"Timp estimat pentru citire":"4 minute"},"schema":{"@context":"https:\/\/schema.org","@graph":[{"@type":"WebPage","@id":"https:\/\/ps2021-2027.adroltenia.ro\/index.php\/contract-at-prioritatea-2-337203\/","url":"https:\/\/ps2021-2027.adroltenia.ro\/index.php\/contract-at-prioritatea-2-337203\/","name":"CONTRACT AT - PRIORITATEA 2 - 337203 | PS","isPartOf":{"@id":"https:\/\/ps2021-2027.adroltenia.ro\/#website"},"primaryImageOfPage":{"@id":"https:\/\/ps2021-2027.adroltenia.ro\/index.php\/contract-at-prioritatea-2-337203\/#primaryimage"},"image":{"@id":"https:\/\/ps2021-2027.adroltenia.ro\/index.php\/contract-at-prioritatea-2-337203\/#primaryimage"},"thumbnailUrl":"https:\/\/ps2021-2027.adroltenia.ro\/wp-content\/uploads\/2024\/12\/Antet-poat-1024x197.jpg","datePublished":"2024-12-24T09:31:29+00:00","dateModified":"2025-03-13T10:30:52+00:00","inLanguage":"ro-RO","potentialAction":[{"@type":"ReadAction","target":["https:\/\/ps2021-2027.adroltenia.ro\/index.php\/contract-at-prioritatea-2-337203\/"]}]},{"@type":"ImageObject","inLanguage":"ro-RO","@id":"https:\/\/ps2021-2027.adroltenia.ro\/index.php\/contract-at-prioritatea-2-337203\/#primaryimage","url":"https:\/\/ps2021-2027.adroltenia.ro\/wp-content\/uploads\/2024\/12\/Antet-poat.jpg","contentUrl":"https:\/\/ps2021-2027.adroltenia.ro\/wp-content\/uploads\/2024\/12\/Antet-poat.jpg","width":1242,"height":239},{"@type":"WebSite","@id":"https:\/\/ps2021-2027.adroltenia.ro\/#website","url":"https:\/\/ps2021-2027.adroltenia.ro\/","name":"PS","description":"","publisher":{"@id":"https:\/\/ps2021-2027.adroltenia.ro\/#organization"},"potentialAction":[{"@type":"SearchAction","target":{"@type":"EntryPoint","urlTemplate":"https:\/\/ps2021-2027.adroltenia.ro\/?s={search_term_string}"},"query-input":{"@type":"PropertyValueSpecification","valueRequired":true,"valueName":"search_term_string"}}],"inLanguage":"ro-RO"},{"@type":"Organization","@id":"https:\/\/ps2021-2027.adroltenia.ro\/#organization","name":"PS","url":"https:\/\/ps2021-2027.adroltenia.ro\/","logo":{"@type":"ImageObject","inLanguage":"ro-RO","@id":"https:\/\/ps2021-2027.adroltenia.ro\/#\/schema\/logo\/image\/","url":"https:\/\/ps2021-2027.adroltenia.ro\/wp-content\/uploads\/2024\/01\/ps-logo.jpg","contentUrl":"https:\/\/ps2021-2027.adroltenia.ro\/wp-content\/uploads\/2024\/01\/ps-logo.jpg","width":808,"height":164,"caption":"PS"},"image":{"@id":"https:\/\/ps2021-2027.adroltenia.ro\/#\/schema\/logo\/image\/"}}]}},"_links":{"self":[{"href":"https:\/\/ps2021-2027.adroltenia.ro\/index.php\/wp-json\/wp\/v2\/pages\/3366","targetHints":{"allow":["GET"]}}],"collection":[{"href":"https:\/\/ps2021-2027.adroltenia.ro\/index.php\/wp-json\/wp\/v2\/pages"}],"about":[{"href":"https:\/\/ps2021-2027.adroltenia.ro\/index.php\/wp-json\/wp\/v2\/types\/page"}],"author":[{"embeddable":true,"href":"https:\/\/ps2021-2027.adroltenia.ro\/index.php\/wp-json\/wp\/v2\/users\/3"}],"replies":[{"embeddable":true,"href":"https:\/\/ps2021-2027.adroltenia.ro\/index.php\/wp-json\/wp\/v2\/comments?post=3366"}],"version-history":[{"count":0,"href":"https:\/\/ps2021-2027.adroltenia.ro\/index.php\/wp-json\/wp\/v2\/pages\/3366\/revisions"}],"wp:attachment":[{"href":"https:\/\/ps2021-2027.adroltenia.ro\/index.php\/wp-json\/wp\/v2\/media?parent=3366"}],"curies":[{"name":"wp","href":"https:\/\/api.w.org\/{rel}","templated":true}]}}